{"id":624,"date":"2025-06-12T10:11:17","date_gmt":"2025-06-12T10:11:17","guid":{"rendered":"https:\/\/fleursdefemmes.org\/?page_id=624"},"modified":"2025-08-12T13:36:12","modified_gmt":"2025-08-12T13:36:12","slug":"deploie-tes-petales","status":"publish","type":"page","link":"https:\/\/fleursdefemmes.org\/index.php\/deploie-tes-petales\/","title":{"rendered":"D\u00e9ploie tes P\u00e9tales"},"content":{"rendered":"\t\t<div data-elementor-type=\"wp-page\" data-elementor-id=\"624\" class=\"elementor elementor-624\" data-elementor-post-type=\"page\">\n\t\t\t\t\t\t<section class=\"elementor-section elementor-top-section elementor-element elementor-element-3cc111c1 elementor-section-height-min-height elementor-section-boxed elementor-section-height-default elementor-section-items-middle\" data-id=\"3cc111c1\" data-element_type=\"section\" data-e-type=\"section\" data-settings=\"{&quot;background_background&quot;:&quot;classic&quot;}\">\n\t\t\t\t\t\t\t<div class=\"elementor-background-overlay\"><\/div>\n\t\t\t\t\t\t\t<div class=\"elementor-container elementor-column-gap-no\">\n\t\t\t\t\t<div class=\"elementor-column elementor-col-100 elementor-top-column elementor-element elementor-element-7c71b784\" data-id=\"7c71b784\" data-element_type=\"column\" data-e-type=\"column\" data-settings=\"{&quot;background_background&quot;:&quot;classic&quot;}\">\n\t\t\t<div class=\"elementor-widget-wrap elementor-element-populated\">\n\t\t\t\t\t\t\t<\/div>\n\t\t<\/div>\n\t\t\t\t\t<\/div>\n\t\t<\/section>\n\t\t\t\t<section class=\"elementor-section elementor-top-section elementor-element elementor-element-787642b0 elementor-section-boxed elementor-section-height-default elementor-section-height-default\" data-id=\"787642b0\" data-element_type=\"section\" data-e-type=\"section\">\n\t\t\t\t\t\t<div class=\"elementor-container elementor-column-gap-no\">\n\t\t\t\t\t<div class=\"elementor-column elementor-col-100 elementor-top-column elementor-element elementor-element-5b04c0dc\" data-id=\"5b04c0dc\" data-element_type=\"column\" data-e-type=\"column\">\n\t\t\t<div class=\"elementor-widget-wrap elementor-element-populated\">\n\t\t\t\t\t\t<section class=\"elementor-section elementor-inner-section elementor-element elementor-element-946618b elementor-section-boxed elementor-section-height-default elementor-section-height-default\" data-id=\"946618b\" data-element_type=\"section\" data-e-type=\"section\">\n\t\t\t\t\t\t<div class=\"elementor-container elementor-column-gap-no\">\n\t\t\t\t\t<div class=\"elementor-column elementor-col-50 elementor-inner-column elementor-element elementor-element-02697f7\" data-id=\"02697f7\" data-element_type=\"column\" data-e-type=\"column\">\n\t\t\t<div class=\"elementor-widget-wrap elementor-element-populated\">\n\t\t\t\t\t\t<div class=\"elementor-element elementor-element-356a5df elementor-widget elementor-widget-heading\" data-id=\"356a5df\" data-element_type=\"widget\" data-e-type=\"widget\" data-widget_type=\"heading.default\">\n\t\t\t\t<div class=\"elementor-widget-container\">\n\t\t\t\t\t<h3 class=\"elementor-heading-title elementor-size-default\">Tu as de l\u2019or entre les mains\u2026 Et si c\u2019\u00e9tait le moment de le r\u00e9v\u00e9ler au monde ?<\/h3>\t\t\t\t<\/div>\n\t\t\t\t<\/div>\n\t\t\t\t<div class=\"elementor-element elementor-element-632e2bf elementor-widget elementor-widget-text-editor\" data-id=\"632e2bf\" data-element_type=\"widget\" data-e-type=\"widget\" data-widget_type=\"text-editor.default\">\n\t\t\t\t<div class=\"elementor-widget-container\">\n\t\t\t\t\t\t\t\t\t<p><span style=\"font-weight: 400;\">L\u2019asbl Fleurs de Femmes lance \u201c<\/span><span style=\"font-weight: 400;\">D\u00e9ploie tes p\u00e9tales<\/span><span style=\"font-weight: 400;\">\u201d, un programme d\u2019accompagnement pour t\u2019aider \u00e0 r\u00e9v\u00e9ler ton potentiel, valoriser ton talent cr\u00e9atif, mettre en lumi\u00e8re tes comp\u00e9tences et envisager la possibilit\u00e9 d\u2019un avenir dans les m\u00e9tiers de l\u2019art et de l\u2019artisanat.<\/span><\/p><p><span style=\"font-weight: 400;\">Ce programme est fait pour toi si :<\/span><\/p><ul><li><span style=\"font-weight: 400;\"> Tu es une jeune femme entre 20 et 35 ans vivant en Belgique<\/span><\/li><li><span style=\"font-weight: 400;\"> Tu fais partie de la diaspora africaine, peu importe ton pays d\u2019origine<\/span><\/li><li><span style=\"font-weight: 400;\"> Tu as un talent, une passion, une fibre cr\u00e9ative<\/span><\/li><\/ul><p><span style=\"font-weight: 400;\">Tu cr\u00e9es, tu fabriques, tu dessines, tu peins, tu bricoles\u2026<\/span><\/p><p><span style=\"font-weight: 400;\">Tu travailles des mat\u00e9riaux comme le cuir, le tissu, le m\u00e9tal, la terre cuite, le verre, la fa\u00efence\u2026<\/span><\/p><p><span style=\"font-weight: 400;\">\u00a0Tu te poses mille questions, tu h\u00e9sites, tu doutes de la suite, tu ne sais pas comment faire de ton talent un projet de vie !<\/span><\/p><p><span style=\"font-weight: 400;\">Tu n\u2019es pas seule !<\/span><\/p><p><span style=\"font-weight: 400;\">Fleurs de Femmes asbl t&#8217;offre un espace bienveillant pour :<\/span><\/p><p><span style=\"font-weight: 400;\">Te reconnecter \u00e0 toi-m\u00eame<\/span><\/p><p><span style=\"font-weight: 400;\">Clarifier ta vision, ton projet<\/span><\/p><p><span style=\"font-weight: 400;\">Explorer les diff\u00e9rentes possibilit\u00e9s<\/span><\/p><p><span style=\"font-weight: 400;\">Te projeter vers un avenir qui te ressemble<\/span><\/p><p><span style=\"font-weight: 400;\">Un moment fort pour t\u2019aider \u00e0 mieux te comprendre, \u00e0 faire \u00e9merger ce qui fait sens pour toi, \u00e0 prendre du recul, et surtout, \u00e0 te d\u00e9ployer au travers de la\u00a0 cr\u00e9ativit\u00e9.<\/span><\/p><p><span style=\"font-weight: 400;\">Tu h\u00e9sites encore ? Viens rencontrer d\u2019autres jeunes femmes comme toi, \u00e9changer, partager, t\u2019inspirer et t\u2019entourer.<\/span><\/p><p><span style=\"font-weight: 400;\">Rejoins le programme D\u00e9ploie tes p\u00e9tales et fais fleurir ton potentiel.<\/span><\/p>\t\t\t\t\t\t\t\t<\/div>\n\t\t\t\t<\/div>\n\t\t\t\t\t<\/div>\n\t\t<\/div>\n\t\t\t\t<div class=\"elementor-column elementor-col-50 elementor-inner-column elementor-element elementor-element-b04fc7d\" data-id=\"b04fc7d\" data-element_type=\"column\" data-e-type=\"column\">\n\t\t\t<div class=\"elementor-widget-wrap elementor-element-populated\">\n\t\t\t\t\t\t<div class=\"elementor-element elementor-element-2f1b4f3 elementor-absolute elementor-widget elementor-widget-image\" data-id=\"2f1b4f3\" data-element_type=\"widget\" data-e-type=\"widget\" data-settings=\"{&quot;_position&quot;:&quot;absolute&quot;}\" data-widget_type=\"image.default\">\n\t\t\t\t<div class=\"elementor-widget-container\">\n\t\t\t\t\t\t\t\t\t\t\t\t\t\t\t<img fetchpriority=\"high\" decoding=\"async\" width=\"1080\" height=\"1080\" src=\"https:\/\/fleursdefemmes.org\/wp-content\/uploads\/2025\/06\/IMG-20250611-WA0041.jpg\" class=\"attachment-full size-full wp-image-626\" alt=\"\" srcset=\"https:\/\/fleursdefemmes.org\/wp-content\/uploads\/2025\/06\/IMG-20250611-WA0041.jpg 1080w, https:\/\/fleursdefemmes.org\/wp-content\/uploads\/2025\/06\/IMG-20250611-WA0041-300x300.jpg 300w, https:\/\/fleursdefemmes.org\/wp-content\/uploads\/2025\/06\/IMG-20250611-WA0041-1024x1024.jpg 1024w, https:\/\/fleursdefemmes.org\/wp-content\/uploads\/2025\/06\/IMG-20250611-WA0041-150x150.jpg 150w, https:\/\/fleursdefemmes.org\/wp-content\/uploads\/2025\/06\/IMG-20250611-WA0041-768x768.jpg 768w, https:\/\/fleursdefemmes.org\/wp-content\/uploads\/2025\/06\/IMG-20250611-WA0041-600x600.jpg 600w, https:\/\/fleursdefemmes.org\/wp-content\/uploads\/2025\/06\/IMG-20250611-WA0041-100x100.jpg 100w\" sizes=\"(max-width: 1080px) 100vw, 1080px\" \/>\t\t\t\t\t\t\t\t\t\t\t\t\t\t\t<\/div>\n\t\t\t\t<\/div>\n\t\t\t\t\t<\/div>\n\t\t<\/div>\n\t\t\t\t\t<\/div>\n\t\t<\/section>\n\t\t\t\t\t<\/div>\n\t\t<\/div>\n\t\t\t\t\t<\/div>\n\t\t<\/section>\n\t\t\t\t<\/div>\n\t\t","protected":false},"excerpt":{"rendered":"<p>Tu as de l\u2019or entre les mains\u2026 Et si c\u2019\u00e9tait le moment de le r\u00e9v\u00e9ler au monde ? L\u2019asbl Fleurs de Femmes lance \u201cD\u00e9ploie tes p\u00e9tales\u201d, un programme d\u2019accompagnement pour t\u2019aider \u00e0 r\u00e9v\u00e9ler ton potentiel, valoriser ton talent cr\u00e9atif, mettre en lumi\u00e8re tes comp\u00e9tences et envisager la possibilit\u00e9 d\u2019un avenir dans les m\u00e9tiers de l\u2019art [&hellip;]<\/p>\n","protected":false},"author":1,"featured_media":0,"parent":0,"menu_order":0,"comment_status":"closed","ping_status":"closed","template":"","meta":{"footnotes":""},"class_list":["post-624","page","type-page","status-publish","hentry"],"_links":{"self":[{"href":"https:\/\/fleursdefemmes.org\/index.php\/wp-json\/wp\/v2\/pages\/624","targetHints":{"allow":["GET"]}}],"collection":[{"href":"https:\/\/fleursdefemmes.org\/index.php\/wp-json\/wp\/v2\/pages"}],"about":[{"href":"https:\/\/fleursdefemmes.org\/index.php\/wp-json\/wp\/v2\/types\/page"}],"author":[{"embeddable":true,"href":"https:\/\/fleursdefemmes.org\/index.php\/wp-json\/wp\/v2\/users\/1"}],"replies":[{"embeddable":true,"href":"https:\/\/fleursdefemmes.org\/index.php\/wp-json\/wp\/v2\/comments?post=624"}],"version-history":[{"count":13,"href":"https:\/\/fleursdefemmes.org\/index.php\/wp-json\/wp\/v2\/pages\/624\/revisions"}],"predecessor-version":[{"id":883,"href":"https:\/\/fleursdefemmes.org\/index.php\/wp-json\/wp\/v2\/pages\/624\/revisions\/883"}],"wp:attachment":[{"href":"https:\/\/fleursdefemmes.org\/index.php\/wp-json\/wp\/v2\/media?parent=624"}],"curies":[{"name":"wp","href":"https:\/\/api.w.org\/{rel}","templated":true}]}}