{"id":138,"date":"2025-03-03T11:57:52","date_gmt":"2025-03-03T11:57:52","guid":{"rendered":"https:\/\/fleursdefemmes.org\/?page_id=138"},"modified":"2025-07-03T08:22:01","modified_gmt":"2025-07-03T08:22:01","slug":"nos-partenaires","status":"publish","type":"page","link":"https:\/\/fleursdefemmes.org\/index.php\/nos-partenaires\/","title":{"rendered":"Nos partenaires"},"content":{"rendered":"\t\t<div data-elementor-type=\"wp-page\" data-elementor-id=\"138\" class=\"elementor elementor-138\" data-elementor-post-type=\"page\">\n\t\t\t\t\t\t<section class=\"elementor-section elementor-top-section elementor-element elementor-element-3cc111c1 elementor-section-height-min-height elementor-section-boxed elementor-section-height-default elementor-section-items-middle\" data-id=\"3cc111c1\" data-element_type=\"section\" data-e-type=\"section\" data-settings=\"{&quot;background_background&quot;:&quot;classic&quot;}\">\n\t\t\t\t\t\t\t<div class=\"elementor-background-overlay\"><\/div>\n\t\t\t\t\t\t\t<div class=\"elementor-container elementor-column-gap-no\">\n\t\t\t\t\t<div class=\"elementor-column elementor-col-100 elementor-top-column elementor-element elementor-element-7c71b784\" data-id=\"7c71b784\" data-element_type=\"column\" data-e-type=\"column\" data-settings=\"{&quot;background_background&quot;:&quot;classic&quot;}\">\n\t\t\t<div class=\"elementor-widget-wrap elementor-element-populated\">\n\t\t\t\t\t\t\t<\/div>\n\t\t<\/div>\n\t\t\t\t\t<\/div>\n\t\t<\/section>\n\t\t\t\t<section class=\"elementor-section elementor-top-section elementor-element elementor-element-787642b0 elementor-section-boxed elementor-section-height-default elementor-section-height-default\" data-id=\"787642b0\" data-element_type=\"section\" data-e-type=\"section\">\n\t\t\t\t\t\t<div class=\"elementor-container elementor-column-gap-no\">\n\t\t\t\t\t<div class=\"elementor-column elementor-col-100 elementor-top-column elementor-element elementor-element-5b04c0dc elementor-hidden-desktop elementor-hidden-tablet elementor-hidden-mobile\" data-id=\"5b04c0dc\" data-element_type=\"column\" data-e-type=\"column\">\n\t\t\t<div class=\"elementor-widget-wrap elementor-element-populated\">\n\t\t\t\t\t\t<section class=\"elementor-section elementor-inner-section elementor-element elementor-element-5e6464e0 elementor-section-boxed elementor-section-height-default elementor-section-height-default\" data-id=\"5e6464e0\" data-element_type=\"section\" data-e-type=\"section\">\n\t\t\t\t\t\t<div class=\"elementor-container elementor-column-gap-no\">\n\t\t\t\t\t<div class=\"elementor-column elementor-col-50 elementor-inner-column elementor-element elementor-element-7787f2de\" data-id=\"7787f2de\" data-element_type=\"column\" data-e-type=\"column\">\n\t\t\t<div class=\"elementor-widget-wrap elementor-element-populated\">\n\t\t\t\t\t\t<div class=\"elementor-element elementor-element-6c4adb42 elementor-widget elementor-widget-heading\" data-id=\"6c4adb42\" data-element_type=\"widget\" data-e-type=\"widget\" data-widget_type=\"heading.default\">\n\t\t\t\t<div class=\"elementor-widget-container\">\n\t\t\t\t\t<h5 class=\"elementor-heading-title elementor-size-default\">INTRODUCTION OF US<\/h5>\t\t\t\t<\/div>\n\t\t\t\t<\/div>\n\t\t\t\t<div class=\"elementor-element elementor-element-14e029b elementor-widget elementor-widget-heading\" data-id=\"14e029b\" data-element_type=\"widget\" data-e-type=\"widget\" data-widget_type=\"heading.default\">\n\t\t\t\t<div class=\"elementor-widget-container\">\n\t\t\t\t\t<h3 class=\"elementor-heading-title elementor-size-default\">We have work in more than 55 countries to strengthen eqaulity<\/h3>\t\t\t\t<\/div>\n\t\t\t\t<\/div>\n\t\t\t\t\t<\/div>\n\t\t<\/div>\n\t\t\t\t<div class=\"elementor-column elementor-col-50 elementor-inner-column elementor-element elementor-element-5bdd1a55\" data-id=\"5bdd1a55\" data-element_type=\"column\" data-e-type=\"column\">\n\t\t\t<div class=\"elementor-widget-wrap elementor-element-populated\">\n\t\t\t\t\t\t<div class=\"elementor-element elementor-element-51105a2a elementor-widget elementor-widget-text-editor\" data-id=\"51105a2a\" data-element_type=\"widget\" data-e-type=\"widget\" data-widget_type=\"text-editor.default\">\n\t\t\t\t<div class=\"elementor-widget-container\">\n\t\t\t\t\t\t\t\t\t<p>Entreprises, associations ou particuliers engag\u00e9s : devenez partenaires de Fleur.de.Femmes ! Ensemble, faisons \u00e9clore des projets qui ont du sens. En rejoignant Fleur.de.Femmes, vous soutenez une initiative qui valorise l&#8217;entraide, l&#8217;expression, le bien-\u00eatre et l\u2019\u00e9mancipation des femmes. Unissons nos forces pour cr\u00e9er un impact r\u00e9el, durable et solidaire au c\u0153ur de notre communaut\u00e9. Vous partagez nos valeurs ? Construisons un partenariat humain, cr\u00e9atif et porteur de changement. Contactez-nous d\u00e8s aujourd\u2019hui pour imaginer ensemble une collaboration \u00e0 votre image.<\/p>\t\t\t\t\t\t\t\t<\/div>\n\t\t\t\t<\/div>\n\t\t\t\t\t<\/div>\n\t\t<\/div>\n\t\t\t\t\t<\/div>\n\t\t<\/section>\n\t\t\t\t\t<\/div>\n\t\t<\/div>\n\t\t\t\t\t<\/div>\n\t\t<\/section>\n\t\t<div class=\"elementor-element elementor-element-363882f elementor-hidden-desktop elementor-hidden-tablet elementor-hidden-mobile e-flex e-con-boxed e-con e-parent\" data-id=\"363882f\" data-element_type=\"container\" data-e-type=\"container\">\n\t\t\t\t\t<div class=\"e-con-inner\">\n\t\t\t\t<div class=\"elementor-element elementor-element-6d0a4f3 elementor-widget elementor-widget-text-editor\" data-id=\"6d0a4f3\" data-element_type=\"widget\" data-e-type=\"widget\" data-widget_type=\"text-editor.default\">\n\t\t\t\t<div class=\"elementor-widget-container\">\n\t\t\t\t\t\t\t\t\t<p>Entreprises, associations ou particuliers engag\u00e9s : devenez partenaires de Fleur de Femmes ! Ensemble, faisons \u00e9clore des projets qui ont du sens. En rejoignant Fleur.de.Femmes, vous soutenez une initiative qui valorise l&#8217;entraide, l&#8217;expression, le bien-\u00eatre et l\u2019\u00e9mancipation des femmes. Unissons nos forces pour cr\u00e9er un impact r\u00e9el, durable et solidaire au c\u0153ur de notre communaut\u00e9. Vous partagez nos valeurs ? Construisons un partenariat humain, cr\u00e9atif et porteur de changement. Contactez-nous d\u00e8s aujourd\u2019hui pour imaginer ensemble une collaboration \u00e0 votre image.<\/p>\t\t\t\t\t\t\t\t<\/div>\n\t\t\t\t<\/div>\n\t\t\t\t\t<\/div>\n\t\t\t\t<\/div>\n\t\t<div class=\"elementor-element elementor-element-1b13b2a e-flex e-con-boxed e-con e-parent\" data-id=\"1b13b2a\" data-element_type=\"container\" data-e-type=\"container\">\n\t\t\t\t\t<div class=\"e-con-inner\">\n\t\t\t\t<div class=\"elementor-element elementor-element-3feedd3 elementor-widget elementor-widget-text-editor\" data-id=\"3feedd3\" data-element_type=\"widget\" data-e-type=\"widget\" data-widget_type=\"text-editor.default\">\n\t\t\t\t<div class=\"elementor-widget-container\">\n\t\t\t\t\t\t\t\t\t<p><b><span data-contrast=\"auto\">Voici un exemple de t\u00e9moignage dont nous serons fi\u00e8res de partager avec votre soutien.\u00a0<\/span><\/b><span data-ccp-props=\"{&quot;335551550&quot;:6,&quot;335551620&quot;:6}\">\u00a0<\/span><\/p><p><b><span data-contrast=\"auto\">Nous allons nous atteler \u00e0 offrir aux femmes la possibilit\u00e9 de faire ce genre de t\u00e9moignage, signe que nous serons en train de r\u00e9ussir notre pari sur l\u2019avenir.\u00a0<\/span><\/b><span data-ccp-props=\"{&quot;335551550&quot;:6,&quot;335551620&quot;:6}\">\u00a0<\/span><\/p><p><span data-contrast=\"auto\">\u00ab\u202fMarie a toujours \u00e9t\u00e9 une \u00e2me cr\u00e9ative. Entre ses mains, des mati\u00e8res simples comme le bois, le tissu, ou la terre se m\u00e9tamorphosaient en objets uniques, vibrants de vie et d\u2019histoire. Issue de la diaspora africaine et vivant \u00e0 Bruxelles, elle trouvait son inspiration dans les traditions de ses racines m\u00eal\u00e9es \u00e0 une esth\u00e9tique contemporaine. Pourtant, malgr\u00e9 son talent ind\u00e9niable, sa passion semblait s\u2019\u00e9teindre peu \u00e0 peu.<\/span><span data-ccp-props=\"{&quot;134233117&quot;:false,&quot;134233118&quot;:false,&quot;201341983&quot;:0,&quot;335551550&quot;:6,&quot;335551620&quot;:6,&quot;335559738&quot;:0,&quot;335559739&quot;:0,&quot;335559740&quot;:240}\">\u00a0<\/span><\/p><p><span data-ccp-props=\"{&quot;134233117&quot;:false,&quot;134233118&quot;:false,&quot;201341983&quot;:0,&quot;335551550&quot;:6,&quot;335551620&quot;:6,&quot;335559738&quot;:0,&quot;335559739&quot;:0,&quot;335559740&quot;:240}\">\u00a0<\/span><\/p><p><span data-contrast=\"auto\">A 29 ans, apr\u00e8s six mois \u00e0 cr\u00e9er des pi\u00e8ces d\u00e9coratives qu\u2019elle r\u00eavait de voir embellir les maisons, rien ne se vendait. Ses cr\u00e9ations restaient invisibles, perdues dans l\u2019immensit\u00e9 des r\u00e9seaux sociaux. Seule, sans conseils ni soutien, elle commen\u00e7ait \u00e0 douter. \u00c9tait-elle vraiment faite pour ce m\u00e9tier ? \u00c9tait-ce un r\u00eave trop grand ?<\/span><span data-ccp-props=\"{&quot;134233117&quot;:false,&quot;134233118&quot;:false,&quot;201341983&quot;:0,&quot;335551550&quot;:6,&quot;335551620&quot;:6,&quot;335559738&quot;:0,&quot;335559739&quot;:0,&quot;335559740&quot;:240}\">\u00a0<\/span><\/p><p><span data-contrast=\"auto\">Elle a pris connaissance de la plateforme l\u2019asbl Fleurs de Femmes d\u00e9di\u00e9e aux cr\u00e9atrices comme elle, port\u00e9e par des valeurs qui r\u00e9sonnaient profond\u00e9ment en elle : respect, entraide, partage.\u00a0<\/span><span data-ccp-props=\"{&quot;134233117&quot;:false,&quot;134233118&quot;:false,&quot;201341983&quot;:0,&quot;335551550&quot;:6,&quot;335551620&quot;:6,&quot;335559738&quot;:0,&quot;335559739&quot;:0,&quot;335559740&quot;:240}\">\u00a0<\/span><\/p><p><span data-ccp-props=\"{&quot;134233117&quot;:false,&quot;134233118&quot;:false,&quot;201341983&quot;:0,&quot;335551550&quot;:6,&quot;335551620&quot;:6,&quot;335559738&quot;:0,&quot;335559739&quot;:0,&quot;335559740&quot;:240}\">\u00a0<\/span><\/p><p><span data-contrast=\"auto\">Rejoindre Fleurs de Femmes a \u00e9t\u00e9 un tournant dans la vie de Marie. D\u00e8s les premiers \u00e9changes, elle a senti une bienveillance qui l\u2019a touch\u00e9e au c\u0153ur. Des cr\u00e9atrices partageaient leurs exp\u00e9riences, des experts lui prodiguaient des conseils pratiques, et petit \u00e0 petit, elle a commenc\u00e9 \u00e0 retrouver confiance.<\/span><span data-ccp-props=\"{&quot;134233117&quot;:false,&quot;134233118&quot;:false,&quot;201341983&quot;:0,&quot;335551550&quot;:6,&quot;335551620&quot;:6,&quot;335559738&quot;:0,&quot;335559739&quot;:0,&quot;335559740&quot;:240}\">\u00a0<\/span><\/p><p><span data-ccp-props=\"{&quot;134233117&quot;:false,&quot;134233118&quot;:false,&quot;201341983&quot;:0,&quot;335551550&quot;:6,&quot;335551620&quot;:6,&quot;335559738&quot;:0,&quot;335559739&quot;:0,&quot;335559740&quot;:240}\">\u00a0<\/span><\/p><p><span data-contrast=\"auto\">Aujourd\u2019hui, Marie a retrouv\u00e9 la joie de cr\u00e9er et surtout de partager sa passion. Sa petite marque commence \u00e0 se faire un nom, mais ce qu\u2019elle ch\u00e9rit avant tout, c\u2019est le sentiment d\u2019appartenir \u00e0 une famille o\u00f9 l\u2019entraide et le soutien sont les ma\u00eetres mots. Jeanne sait d\u00e9sormais qu\u2019elle est sur la bonne voie, et qu\u2019avec courage et solidarit\u00e9, tout devient possible.\u202f\u00bb<\/span><span data-ccp-props=\"{&quot;134233117&quot;:false,&quot;134233118&quot;:false,&quot;201341983&quot;:0,&quot;335551550&quot;:6,&quot;335551620&quot;:6,&quot;335559738&quot;:0,&quot;335559739&quot;:0,&quot;335559740&quot;:240}\">\u00a0<\/span><\/p>\t\t\t\t\t\t\t\t<\/div>\n\t\t\t\t<\/div>\n\t\t\t\t\t<\/div>\n\t\t\t\t<\/div>\n\t\t\t\t<\/div>\n\t\t","protected":false},"excerpt":{"rendered":"<p>INTRODUCTION OF US We have work in more than 55 countries to strengthen eqaulity Entreprises, associations ou particuliers engag\u00e9s : devenez partenaires de Fleur.de.Femmes ! Ensemble, faisons \u00e9clore des projets qui ont du sens. En rejoignant Fleur.de.Femmes, vous soutenez une initiative qui valorise l&#8217;entraide, l&#8217;expression, le bien-\u00eatre et l\u2019\u00e9mancipation des femmes. Unissons nos forces pour [&hellip;]<\/p>\n","protected":false},"author":1,"featured_media":0,"parent":0,"menu_order":0,"comment_status":"closed","ping_status":"closed","template":"","meta":{"footnotes":""},"class_list":["post-138","page","type-page","status-publish","hentry"],"_links":{"self":[{"href":"https:\/\/fleursdefemmes.org\/index.php\/wp-json\/wp\/v2\/pages\/138","targetHints":{"allow":["GET"]}}],"collection":[{"href":"https:\/\/fleursdefemmes.org\/index.php\/wp-json\/wp\/v2\/pages"}],"about":[{"href":"https:\/\/fleursdefemmes.org\/index.php\/wp-json\/wp\/v2\/types\/page"}],"author":[{"embeddable":true,"href":"https:\/\/fleursdefemmes.org\/index.php\/wp-json\/wp\/v2\/users\/1"}],"replies":[{"embeddable":true,"href":"https:\/\/fleursdefemmes.org\/index.php\/wp-json\/wp\/v2\/comments?post=138"}],"version-history":[{"count":28,"href":"https:\/\/fleursdefemmes.org\/index.php\/wp-json\/wp\/v2\/pages\/138\/revisions"}],"predecessor-version":[{"id":807,"href":"https:\/\/fleursdefemmes.org\/index.php\/wp-json\/wp\/v2\/pages\/138\/revisions\/807"}],"wp:attachment":[{"href":"https:\/\/fleursdefemmes.org\/index.php\/wp-json\/wp\/v2\/media?parent=138"}],"curies":[{"name":"wp","href":"https:\/\/api.w.org\/{rel}","templated":true}]}}