{"id":136,"date":"2025-03-03T11:57:08","date_gmt":"2025-03-03T11:57:08","guid":{"rendered":"https:\/\/fleursdefemmes.org\/?page_id=136"},"modified":"2025-07-24T08:54:29","modified_gmt":"2025-07-24T08:54:29","slug":"projets-en-belgique","status":"publish","type":"page","link":"https:\/\/fleursdefemmes.org\/index.php\/projets-en-belgique\/","title":{"rendered":"Projets en Belgique"},"content":{"rendered":"\t\t<div data-elementor-type=\"wp-page\" data-elementor-id=\"136\" class=\"elementor elementor-136\" data-elementor-post-type=\"page\">\n\t\t\t\t\t\t<section class=\"elementor-section elementor-top-section elementor-element elementor-element-3cc111c1 elementor-section-height-min-height elementor-section-boxed elementor-section-height-default elementor-section-items-middle\" data-id=\"3cc111c1\" data-element_type=\"section\" data-e-type=\"section\" data-settings=\"{&quot;background_background&quot;:&quot;classic&quot;}\">\n\t\t\t\t\t\t\t<div class=\"elementor-background-overlay\"><\/div>\n\t\t\t\t\t\t\t<div class=\"elementor-container elementor-column-gap-no\">\n\t\t\t\t\t<div class=\"elementor-column elementor-col-100 elementor-top-column elementor-element elementor-element-7c71b784\" data-id=\"7c71b784\" data-element_type=\"column\" data-e-type=\"column\" data-settings=\"{&quot;background_background&quot;:&quot;classic&quot;}\">\n\t\t\t<div class=\"elementor-widget-wrap elementor-element-populated\">\n\t\t\t\t\t\t\t<\/div>\n\t\t<\/div>\n\t\t\t\t\t<\/div>\n\t\t<\/section>\n\t\t\t\t<section class=\"elementor-section elementor-top-section elementor-element elementor-element-787642b0 elementor-section-boxed elementor-section-height-default elementor-section-height-default\" data-id=\"787642b0\" data-element_type=\"section\" data-e-type=\"section\">\n\t\t\t\t\t\t<div class=\"elementor-container elementor-column-gap-no\">\n\t\t\t\t\t<div class=\"elementor-column elementor-col-100 elementor-top-column elementor-element elementor-element-5b04c0dc\" data-id=\"5b04c0dc\" data-element_type=\"column\" data-e-type=\"column\">\n\t\t\t<div class=\"elementor-widget-wrap elementor-element-populated\">\n\t\t\t\t\t\t<section class=\"elementor-section elementor-inner-section elementor-element elementor-element-5e6464e0 elementor-section-boxed elementor-section-height-default elementor-section-height-default\" data-id=\"5e6464e0\" data-element_type=\"section\" data-e-type=\"section\">\n\t\t\t\t\t\t<div class=\"elementor-container elementor-column-gap-no\">\n\t\t\t\t\t<div class=\"elementor-column elementor-col-50 elementor-inner-column elementor-element elementor-element-7787f2de\" data-id=\"7787f2de\" data-element_type=\"column\" data-e-type=\"column\">\n\t\t\t<div class=\"elementor-widget-wrap elementor-element-populated\">\n\t\t\t\t\t\t<div class=\"elementor-element elementor-element-6c4adb42 elementor-widget elementor-widget-heading\" data-id=\"6c4adb42\" data-element_type=\"widget\" data-e-type=\"widget\" data-widget_type=\"heading.default\">\n\t\t\t\t<div class=\"elementor-widget-container\">\n\t\t\t\t\t<h5 class=\"elementor-heading-title elementor-size-default\">Appel \u00e0 candidature - 4 Kits d'encouragements \u00e0 offrir aux jeunes femmes\n<\/h5>\t\t\t\t<\/div>\n\t\t\t\t<\/div>\n\t\t\t\t<div class=\"elementor-element elementor-element-14e029b elementor-hidden-desktop elementor-hidden-tablet elementor-hidden-mobile elementor-widget elementor-widget-heading\" data-id=\"14e029b\" data-element_type=\"widget\" data-e-type=\"widget\" data-widget_type=\"heading.default\">\n\t\t\t\t<div class=\"elementor-widget-container\">\n\t\t\t\t\t<h3 class=\"elementor-heading-title elementor-size-default\">En cette ann\u00e9e 2025 - R\u00e9v\u00e8le ta cr\u00e9ativit\u00e9 avec Fleurs de Femmes asbl !<\/h3>\t\t\t\t<\/div>\n\t\t\t\t<\/div>\n\t\t\t\t\t<\/div>\n\t\t<\/div>\n\t\t\t\t<div class=\"elementor-column elementor-col-50 elementor-inner-column elementor-element elementor-element-5bdd1a55\" data-id=\"5bdd1a55\" data-element_type=\"column\" data-e-type=\"column\">\n\t\t\t<div class=\"elementor-widget-wrap elementor-element-populated\">\n\t\t\t\t\t\t<div class=\"elementor-element elementor-element-51105a2a elementor-widget elementor-widget-text-editor\" data-id=\"51105a2a\" data-element_type=\"widget\" data-e-type=\"widget\" data-widget_type=\"text-editor.default\">\n\t\t\t\t<div class=\"elementor-widget-container\">\n\t\t\t\t\t\t\t\t\t<p><strong>Fleurs de Femmes asbl<br \/><\/strong><\/p><p>Notre association a pour objectif principal de soutenir <span style=\"color: #339966;\"><strong>les femmes cr\u00e9atives<\/strong><\/span>, en Afrique comme dans la diaspora en Belgique, en les accompagnant vers plus d&#8217;autonomie dans l\u2019exercice de leur m\u00e9tier<\/p>\t\t\t\t\t\t\t\t<\/div>\n\t\t\t\t<\/div>\n\t\t\t\t<div class=\"elementor-element elementor-element-01c7ecf elementor-widget elementor-widget-text-editor\" data-id=\"01c7ecf\" data-element_type=\"widget\" data-e-type=\"widget\" data-widget_type=\"text-editor.default\">\n\t\t\t\t<div class=\"elementor-widget-container\">\n\t\t\t\t\t\t\t\t\t<p><strong>Programme D\u00e9ploie tes p\u00e9tales 2025 ! <\/strong><\/p><p>Tu es une jeune femme entre 20 et 35 ans, passionn\u00e9e par l\u2019art, l\u2019artisanat et la d\u00e9coration d\u2019int\u00e9rieur, tu es issu des diasporas et tu habites \u00e0 Bruxelles ? Que tu aies d\u00e9marr\u00e9 ton activit\u00e9 il y a moins de 1 an ou que tu r\u00eaves de te lancer, c\u2019est le moment de faire \u00e9clore tes projets !<br \/>Cette ann\u00e9e, dans le cadre de notre initiative <span style=\"color: #339966;\"><strong>&#8220;Faire grandir&#8221;<\/strong><\/span>, nous mettons \u00e0 l\u2019honneur les femmes talentueuses comme toi, pr\u00eates \u00e0 transformer leur passion en r\u00e9ussite.<\/p>\t\t\t\t\t\t\t\t<\/div>\n\t\t\t\t<\/div>\n\t\t\t\t\t<\/div>\n\t\t<\/div>\n\t\t\t\t\t<\/div>\n\t\t<\/section>\n\t\t\t\t\t<\/div>\n\t\t<\/div>\n\t\t\t\t\t<\/div>\n\t\t<\/section>\n\t\t<div class=\"elementor-element elementor-element-22bbadf e-flex e-con-boxed e-con e-parent\" data-id=\"22bbadf\" data-element_type=\"container\" data-e-type=\"container\">\n\t\t\t\t\t<div class=\"e-con-inner\">\n\t\t\t\t<div class=\"elementor-element elementor-element-b4b777e elementor-widget elementor-widget-text-editor\" data-id=\"b4b777e\" data-element_type=\"widget\" data-e-type=\"widget\" data-widget_type=\"text-editor.default\">\n\t\t\t\t<div class=\"elementor-widget-container\">\n\t\t\t\t\t\t\t\t\t<p><strong>S\u00e9lection 2 m\u00e9tiers et 4 jeunes femmes : 2 jeunes femmes par m\u00e9tier<\/strong><\/p><p><strong>1. D\u00e9coration murale :<\/strong> tapis, tableaux, lampes\u2026<br \/><strong>2. Peinture artistique :<\/strong> sur toile, le papier, le bois\u2026<br \/>Fleurs de Femmes asbl offre 4 kits d\u2019encouragement d\u2019une valeur de 250 \u20ac chacun, pour un total de 1 000 \u20ac de soutien<\/p><p><span style=\"color: #008000;\"><strong>Qui peut postuler ?<\/strong><\/span><br \/>Tu es \u00e9ligible si :<br \/>Tu es \u00e2g\u00e9e de 20 \u00e0 35 ans<br \/>Tu es passionn\u00e9e par les m\u00e9tiers de l\u2019art et de l\u2019artisanat et de la d\u00e9coration d\u2019int\u00e9rieur<br \/>Tu souhaites donner vie \u00e0 ton projet ou consolider une activit\u00e9 r\u00e9cente max 1 an<br \/>Tu es motiv\u00e9e \u00e0 d\u00e9velopper ton talent et ou \u00e0 vivre de tes cr\u00e9ations<br \/><br \/><span style=\"color: #008000;\"><strong>Comment postuler ?<\/strong><\/span><br \/>Du 11\/07 au 15\/09\/2025 \u2013 Envoie ta candidature<br \/>30\/10\/ 2025 \u2013 Annonce des laur\u00e9ates<br \/>06\/12 2025 \u2013 Remise des kits + Festive cl\u00f4ture ann\u00e9e 2025<\/p><p><span style=\"color: #008000;\"><strong>Pour postuler :<\/strong><\/span><br \/>Remplis le formulaire disponible via le lien suivant : <a href=\"https:\/\/forms.office.com\/Pages\/ResponsePage.aspx?id=DQSIkWdsW0yxEjajBLZtrQAAAAAAAAAAAAO__Sace8JURFZUWE9SQ09MVVEwRzMyVFJYM0kyUU1HWS4u\"><strong><span style=\"color: #003366;\">LIEN<\/span><\/strong><\/a><br \/>Contactez-nous par t\u00e9l\u00e9phone ou par mail pour plus d\u2019informations. Nous serons ravies<br \/>d\u2019\u00e9changer avec toi et de r\u00e9pondre \u00e0 toutes tes questions.<\/p><p>\u00a0<\/p><p><span style=\"color: #008000;\"><strong>Pourquoi postuler ?<\/strong><\/span><br \/>Parce que ton talent m\u00e9rite d\u2019\u00eatre soutenu, ta cr\u00e9ativit\u00e9 d\u2019\u00eatre reconnue, et ton projet d\u2019\u00eatre mis en lumi\u00e8re. Avec nous, tu trouveras les outils, les conseils et la bienveillance n\u00e9cessaire pour sortir de l\u2019isolement et faire fleurir ton potentiel cr\u00e9atif.<\/p><p><span style=\"color: #008000;\"><strong>Postule d\u00e8s aujourd\u2019hui<\/strong><\/span> transforme ta passion en un projet florissant !<\/p>\t\t\t\t\t\t\t\t<\/div>\n\t\t\t\t<\/div>\n\t\t\t\t\t<\/div>\n\t\t\t\t<\/div>\n\t\t<div class=\"elementor-element elementor-element-78efa6c e-flex e-con-boxed e-con e-parent\" data-id=\"78efa6c\" data-element_type=\"container\" data-e-type=\"container\">\n\t\t\t\t\t<div class=\"e-con-inner\">\n\t\t\t\t<div class=\"elementor-element elementor-element-6cf57ee elementor-widget elementor-widget-image-gallery\" data-id=\"6cf57ee\" data-element_type=\"widget\" data-e-type=\"widget\" data-widget_type=\"image-gallery.default\">\n\t\t\t\t<div class=\"elementor-widget-container\">\n\t\t\t\t\t\t\t<div class=\"elementor-image-gallery\">\n\t\t\t<div id='gallery-1' class='gallery galleryid-136 gallery-columns-5 gallery-size-large'><figure class='gallery-item'>\n\t\t\t<div class='gallery-icon portrait'>\n\t\t\t\t<a data-elementor-open-lightbox=\"yes\" data-elementor-lightbox-slideshow=\"6cf57ee\" data-elementor-lightbox-title=\"photos bel05\" data-e-action-hash=\"#elementor-action%3Aaction%3Dlightbox%26settings%3DeyJpZCI6NzMwLCJ1cmwiOiJodHRwczpcL1wvZmxldXJzZGVmZW1tZXMub3JnXC93cC1jb250ZW50XC91cGxvYWRzXC8yMDI1XC8wNlwvcGhvdG9zLWJlbDA1LmpwZyIsInNsaWRlc2hvdyI6IjZjZjU3ZWUifQ%3D%3D\" href='https:\/\/fleursdefemmes.org\/wp-content\/uploads\/2025\/06\/photos-bel05.jpg'><img fetchpriority=\"high\" decoding=\"async\" width=\"576\" height=\"1024\" src=\"https:\/\/fleursdefemmes.org\/wp-content\/uploads\/2025\/06\/photos-bel05-576x1024.jpg\" class=\"attachment-large size-large\" alt=\"\" srcset=\"https:\/\/fleursdefemmes.org\/wp-content\/uploads\/2025\/06\/photos-bel05-576x1024.jpg 576w, https:\/\/fleursdefemmes.org\/wp-content\/uploads\/2025\/06\/photos-bel05-169x300.jpg 169w, https:\/\/fleursdefemmes.org\/wp-content\/uploads\/2025\/06\/photos-bel05-768x1365.jpg 768w, https:\/\/fleursdefemmes.org\/wp-content\/uploads\/2025\/06\/photos-bel05-864x1536.jpg 864w, https:\/\/fleursdefemmes.org\/wp-content\/uploads\/2025\/06\/photos-bel05-600x1067.jpg 600w, https:\/\/fleursdefemmes.org\/wp-content\/uploads\/2025\/06\/photos-bel05.jpg 900w\" sizes=\"(max-width: 576px) 100vw, 576px\" \/><\/a>\n\t\t\t<\/div><\/figure><figure class='gallery-item'>\n\t\t\t<div class='gallery-icon landscape'>\n\t\t\t\t<a data-elementor-open-lightbox=\"yes\" data-elementor-lightbox-slideshow=\"6cf57ee\" data-elementor-lightbox-title=\"photos bel02\" data-e-action-hash=\"#elementor-action%3Aaction%3Dlightbox%26settings%3DeyJpZCI6NzMxLCJ1cmwiOiJodHRwczpcL1wvZmxldXJzZGVmZW1tZXMub3JnXC93cC1jb250ZW50XC91cGxvYWRzXC8yMDI1XC8wNlwvcGhvdG9zLWJlbDAyLmpwZyIsInNsaWRlc2hvdyI6IjZjZjU3ZWUifQ%3D%3D\" href='https:\/\/fleursdefemmes.org\/wp-content\/uploads\/2025\/06\/photos-bel02.jpg'><img decoding=\"async\" width=\"800\" height=\"450\" src=\"https:\/\/fleursdefemmes.org\/wp-content\/uploads\/2025\/06\/photos-bel02-1024x576.jpg\" class=\"attachment-large size-large\" alt=\"\" srcset=\"https:\/\/fleursdefemmes.org\/wp-content\/uploads\/2025\/06\/photos-bel02-1024x576.jpg 1024w, https:\/\/fleursdefemmes.org\/wp-content\/uploads\/2025\/06\/photos-bel02-300x169.jpg 300w, https:\/\/fleursdefemmes.org\/wp-content\/uploads\/2025\/06\/photos-bel02-768x432.jpg 768w, https:\/\/fleursdefemmes.org\/wp-content\/uploads\/2025\/06\/photos-bel02-1536x864.jpg 1536w, https:\/\/fleursdefemmes.org\/wp-content\/uploads\/2025\/06\/photos-bel02-600x338.jpg 600w, https:\/\/fleursdefemmes.org\/wp-content\/uploads\/2025\/06\/photos-bel02.jpg 1600w\" sizes=\"(max-width: 800px) 100vw, 800px\" \/><\/a>\n\t\t\t<\/div><\/figure><figure class='gallery-item'>\n\t\t\t<div class='gallery-icon landscape'>\n\t\t\t\t<a data-elementor-open-lightbox=\"yes\" data-elementor-lightbox-slideshow=\"6cf57ee\" data-elementor-lightbox-title=\"photos bel03\" data-e-action-hash=\"#elementor-action%3Aaction%3Dlightbox%26settings%3DeyJpZCI6NzMyLCJ1cmwiOiJodHRwczpcL1wvZmxldXJzZGVmZW1tZXMub3JnXC93cC1jb250ZW50XC91cGxvYWRzXC8yMDI1XC8wNlwvcGhvdG9zLWJlbDAzLmpwZyIsInNsaWRlc2hvdyI6IjZjZjU3ZWUifQ%3D%3D\" href='https:\/\/fleursdefemmes.org\/wp-content\/uploads\/2025\/06\/photos-bel03.jpg'><img decoding=\"async\" width=\"800\" height=\"450\" src=\"https:\/\/fleursdefemmes.org\/wp-content\/uploads\/2025\/06\/photos-bel03-1024x576.jpg\" class=\"attachment-large size-large\" alt=\"\" srcset=\"https:\/\/fleursdefemmes.org\/wp-content\/uploads\/2025\/06\/photos-bel03-1024x576.jpg 1024w, https:\/\/fleursdefemmes.org\/wp-content\/uploads\/2025\/06\/photos-bel03-300x169.jpg 300w, https:\/\/fleursdefemmes.org\/wp-content\/uploads\/2025\/06\/photos-bel03-768x432.jpg 768w, https:\/\/fleursdefemmes.org\/wp-content\/uploads\/2025\/06\/photos-bel03-1536x864.jpg 1536w, https:\/\/fleursdefemmes.org\/wp-content\/uploads\/2025\/06\/photos-bel03-600x338.jpg 600w, https:\/\/fleursdefemmes.org\/wp-content\/uploads\/2025\/06\/photos-bel03.jpg 1600w\" sizes=\"(max-width: 800px) 100vw, 800px\" \/><\/a>\n\t\t\t<\/div><\/figure><figure class='gallery-item'>\n\t\t\t<div class='gallery-icon portrait'>\n\t\t\t\t<a data-elementor-open-lightbox=\"yes\" data-elementor-lightbox-slideshow=\"6cf57ee\" data-elementor-lightbox-title=\"photos bel04\" data-e-action-hash=\"#elementor-action%3Aaction%3Dlightbox%26settings%3DeyJpZCI6NzM0LCJ1cmwiOiJodHRwczpcL1wvZmxldXJzZGVmZW1tZXMub3JnXC93cC1jb250ZW50XC91cGxvYWRzXC8yMDI1XC8wNlwvcGhvdG9zLWJlbDA0LmpwZyIsInNsaWRlc2hvdyI6IjZjZjU3ZWUifQ%3D%3D\" href='https:\/\/fleursdefemmes.org\/wp-content\/uploads\/2025\/06\/photos-bel04.jpg'><img loading=\"lazy\" decoding=\"async\" width=\"768\" height=\"1024\" src=\"https:\/\/fleursdefemmes.org\/wp-content\/uploads\/2025\/06\/photos-bel04-768x1024.jpg\" class=\"attachment-large size-large\" alt=\"\" srcset=\"https:\/\/fleursdefemmes.org\/wp-content\/uploads\/2025\/06\/photos-bel04-768x1024.jpg 768w, https:\/\/fleursdefemmes.org\/wp-content\/uploads\/2025\/06\/photos-bel04-225x300.jpg 225w, https:\/\/fleursdefemmes.org\/wp-content\/uploads\/2025\/06\/photos-bel04-1152x1536.jpg 1152w, https:\/\/fleursdefemmes.org\/wp-content\/uploads\/2025\/06\/photos-bel04-600x800.jpg 600w, https:\/\/fleursdefemmes.org\/wp-content\/uploads\/2025\/06\/photos-bel04.jpg 1200w\" sizes=\"(max-width: 768px) 100vw, 768px\" \/><\/a>\n\t\t\t<\/div><\/figure><figure class='gallery-item'>\n\t\t\t<div class='gallery-icon landscape'>\n\t\t\t\t<a data-elementor-open-lightbox=\"yes\" data-elementor-lightbox-slideshow=\"6cf57ee\" data-elementor-lightbox-title=\"photos bel01\" data-e-action-hash=\"#elementor-action%3Aaction%3Dlightbox%26settings%3DeyJpZCI6NzM1LCJ1cmwiOiJodHRwczpcL1wvZmxldXJzZGVmZW1tZXMub3JnXC93cC1jb250ZW50XC91cGxvYWRzXC8yMDI1XC8wNlwvcGhvdG9zLWJlbDAxLmpwZyIsInNsaWRlc2hvdyI6IjZjZjU3ZWUifQ%3D%3D\" href='https:\/\/fleursdefemmes.org\/wp-content\/uploads\/2025\/06\/photos-bel01.jpg'><img loading=\"lazy\" decoding=\"async\" width=\"800\" height=\"450\" src=\"https:\/\/fleursdefemmes.org\/wp-content\/uploads\/2025\/06\/photos-bel01-1024x576.jpg\" class=\"attachment-large size-large\" alt=\"\" srcset=\"https:\/\/fleursdefemmes.org\/wp-content\/uploads\/2025\/06\/photos-bel01-1024x576.jpg 1024w, https:\/\/fleursdefemmes.org\/wp-content\/uploads\/2025\/06\/photos-bel01-300x169.jpg 300w, https:\/\/fleursdefemmes.org\/wp-content\/uploads\/2025\/06\/photos-bel01-768x432.jpg 768w, https:\/\/fleursdefemmes.org\/wp-content\/uploads\/2025\/06\/photos-bel01-1536x864.jpg 1536w, https:\/\/fleursdefemmes.org\/wp-content\/uploads\/2025\/06\/photos-bel01-600x338.jpg 600w, https:\/\/fleursdefemmes.org\/wp-content\/uploads\/2025\/06\/photos-bel01.jpg 1600w\" sizes=\"(max-width: 800px) 100vw, 800px\" \/><\/a>\n\t\t\t<\/div><\/figure>\n\t\t<\/div>\n\t\t<\/div>\n\t\t\t\t\t\t<\/div>\n\t\t\t\t<\/div>\n\t\t\t\t\t<\/div>\n\t\t\t\t<\/div>\n\t\t\t\t<\/div>\n\t\t","protected":false},"excerpt":{"rendered":"<p>Appel \u00e0 candidature &#8211; 4 Kits d&#8217;encouragements \u00e0 offrir aux jeunes femmes En cette ann\u00e9e 2025 &#8211; R\u00e9v\u00e8le ta cr\u00e9ativit\u00e9 avec Fleurs de Femmes asbl ! Fleurs de Femmes asbl Notre association a pour objectif principal de soutenir les femmes cr\u00e9atives, en Afrique comme dans la diaspora en Belgique, en les accompagnant vers plus d&#8217;autonomie [&hellip;]<\/p>\n","protected":false},"author":1,"featured_media":0,"parent":0,"menu_order":0,"comment_status":"closed","ping_status":"closed","template":"","meta":{"footnotes":""},"class_list":["post-136","page","type-page","status-publish","hentry"],"_links":{"self":[{"href":"https:\/\/fleursdefemmes.org\/index.php\/wp-json\/wp\/v2\/pages\/136","targetHints":{"allow":["GET"]}}],"collection":[{"href":"https:\/\/fleursdefemmes.org\/index.php\/wp-json\/wp\/v2\/pages"}],"about":[{"href":"https:\/\/fleursdefemmes.org\/index.php\/wp-json\/wp\/v2\/types\/page"}],"author":[{"embeddable":true,"href":"https:\/\/fleursdefemmes.org\/index.php\/wp-json\/wp\/v2\/users\/1"}],"replies":[{"embeddable":true,"href":"https:\/\/fleursdefemmes.org\/index.php\/wp-json\/wp\/v2\/comments?post=136"}],"version-history":[{"count":53,"href":"https:\/\/fleursdefemmes.org\/index.php\/wp-json\/wp\/v2\/pages\/136\/revisions"}],"predecessor-version":[{"id":861,"href":"https:\/\/fleursdefemmes.org\/index.php\/wp-json\/wp\/v2\/pages\/136\/revisions\/861"}],"wp:attachment":[{"href":"https:\/\/fleursdefemmes.org\/index.php\/wp-json\/wp\/v2\/media?parent=136"}],"curies":[{"name":"wp","href":"https:\/\/api.w.org\/{rel}","templated":true}]}}