{"id":132,"date":"2025-03-03T11:55:19","date_gmt":"2025-03-03T11:55:19","guid":{"rendered":"https:\/\/fleursdefemmes.org\/?page_id=132"},"modified":"2025-07-07T09:20:11","modified_gmt":"2025-07-07T09:20:11","slug":"nos-projets","status":"publish","type":"page","link":"https:\/\/fleursdefemmes.org\/index.php\/nos-projets\/","title":{"rendered":"Nos projets"},"content":{"rendered":"\t\t<div data-elementor-type=\"wp-page\" data-elementor-id=\"132\" class=\"elementor elementor-132\" data-elementor-post-type=\"page\">\n\t\t\t\t\t\t<section class=\"elementor-section elementor-top-section elementor-element elementor-element-3cc111c1 elementor-section-height-min-height elementor-section-boxed elementor-section-height-default elementor-section-items-middle\" data-id=\"3cc111c1\" data-element_type=\"section\" data-e-type=\"section\" data-settings=\"{&quot;background_background&quot;:&quot;classic&quot;}\">\n\t\t\t\t\t\t\t<div class=\"elementor-background-overlay\"><\/div>\n\t\t\t\t\t\t\t<div class=\"elementor-container elementor-column-gap-no\">\n\t\t\t\t\t<div class=\"elementor-column elementor-col-100 elementor-top-column elementor-element elementor-element-7c71b784\" data-id=\"7c71b784\" data-element_type=\"column\" data-e-type=\"column\" data-settings=\"{&quot;background_background&quot;:&quot;classic&quot;}\">\n\t\t\t<div class=\"elementor-widget-wrap elementor-element-populated\">\n\t\t\t\t\t\t\t<\/div>\n\t\t<\/div>\n\t\t\t\t\t<\/div>\n\t\t<\/section>\n\t\t\t\t<section class=\"elementor-section elementor-top-section elementor-element elementor-element-787642b0 elementor-section-boxed elementor-section-height-default elementor-section-height-default\" data-id=\"787642b0\" data-element_type=\"section\" data-e-type=\"section\">\n\t\t\t\t\t\t<div class=\"elementor-container elementor-column-gap-no\">\n\t\t\t\t\t<div class=\"elementor-column elementor-col-100 elementor-top-column elementor-element elementor-element-5b04c0dc\" data-id=\"5b04c0dc\" data-element_type=\"column\" data-e-type=\"column\">\n\t\t\t<div class=\"elementor-widget-wrap elementor-element-populated\">\n\t\t\t\t\t\t<section class=\"elementor-section elementor-inner-section elementor-element elementor-element-5e6464e0 elementor-section-boxed elementor-section-height-default elementor-section-height-default\" data-id=\"5e6464e0\" data-element_type=\"section\" data-e-type=\"section\">\n\t\t\t\t\t\t<div class=\"elementor-container elementor-column-gap-no\">\n\t\t\t\t\t<div class=\"elementor-column elementor-col-50 elementor-inner-column elementor-element elementor-element-7787f2de\" data-id=\"7787f2de\" data-element_type=\"column\" data-e-type=\"column\">\n\t\t\t<div class=\"elementor-widget-wrap elementor-element-populated\">\n\t\t\t\t\t\t<div class=\"elementor-element elementor-element-6c4adb42 elementor-widget elementor-widget-heading\" data-id=\"6c4adb42\" data-element_type=\"widget\" data-e-type=\"widget\" data-widget_type=\"heading.default\">\n\t\t\t\t<div class=\"elementor-widget-container\">\n\t\t\t\t\t<h5 class=\"elementor-heading-title elementor-size-default\">INTRODUCTION OF US<\/h5>\t\t\t\t<\/div>\n\t\t\t\t<\/div>\n\t\t\t\t<div class=\"elementor-element elementor-element-14e029b elementor-widget elementor-widget-heading\" data-id=\"14e029b\" data-element_type=\"widget\" data-e-type=\"widget\" data-widget_type=\"heading.default\">\n\t\t\t\t<div class=\"elementor-widget-container\">\n\t\t\t\t\t<h3 class=\"elementor-heading-title elementor-size-default\">Nos projets reposent sur quatre piliers fondamentaux<\/h3>\t\t\t\t<\/div>\n\t\t\t\t<\/div>\n\t\t\t\t\t<\/div>\n\t\t<\/div>\n\t\t\t\t<div class=\"elementor-column elementor-col-50 elementor-inner-column elementor-element elementor-element-5bdd1a55\" data-id=\"5bdd1a55\" data-element_type=\"column\" data-e-type=\"column\">\n\t\t\t<div class=\"elementor-widget-wrap elementor-element-populated\">\n\t\t\t\t\t\t<div class=\"elementor-element elementor-element-51105a2a elementor-widget elementor-widget-text-editor\" data-id=\"51105a2a\" data-element_type=\"widget\" data-e-type=\"widget\" data-widget_type=\"text-editor.default\">\n\t\t\t\t<div class=\"elementor-widget-container\">\n\t\t\t\t\t\t\t\t\t<ol><li style=\"font-weight: 400;\" aria-level=\"1\"><span style=\"color: #f26a2c;\"><b>Encourager<\/b><\/span><span style=\"font-weight: 400;\"> (<span style=\"color: #40ae49;\"><strong>Semer<\/strong><\/span>) : Offrir une opportunit\u00e9 unique \u00e0 chaque femme d\u2019explorer son potentiel cr\u00e9atif, de d\u00e9couvrir diff\u00e9rents m\u00e9tiers de l\u2019artisanat et de s\u2019exprimer librement.<\/span><\/li><li style=\"font-weight: 400;\" aria-level=\"1\"><span style=\"color: #f26a2c;\"><b>Aider<\/b><\/span><span style=\"font-weight: 400;\"> (<strong><span style=\"color: #40ae49;\">Faire grandir<\/span><\/strong>) : Aider chaque femme \u00e0 structurer son projet, que ce soit un simple hobby, une activit\u00e9 compl\u00e9mentaire ou un v\u00e9ritable m\u00e9tier. Aider \u00e0 affiner sa cr\u00e9ativit\u00e9, \u00e0 tester ses id\u00e9es et \u00e0 prendre confiance en elle pour assumer pleinement son talent.<\/span><\/li><li style=\"font-weight: 400;\" aria-level=\"1\"><span style=\"color: #f26a2c;\"><b>Accompagner<\/b><\/span><span style=\"font-weight: 400;\"> (<span style=\"color: #40ae49;\"><strong>Fleurir<\/strong><\/span>) : Mettre \u00e0 disposition des conseils, des outils, des rencontres avec des experts pour amener chaque femme \u00e0 concr\u00e9tiser son projet.<\/span><\/li><li style=\"font-weight: 400;\" aria-level=\"1\"><span style=\"color: #f26a2c;\"><b>Soutenir<\/b> <\/span>(<span style=\"color: #40ae49;\"><strong>Fructifier<\/strong><\/span>) : Cr\u00e9er un r\u00e9seau d\u2019entraide et de soutien, mettre en avant les cr\u00e9ations Construire une communaut\u00e9 forte et inspirante<\/li><\/ol>\t\t\t\t\t\t\t\t<\/div>\n\t\t\t\t<\/div>\n\t\t\t\t\t<\/div>\n\t\t<\/div>\n\t\t\t\t\t<\/div>\n\t\t<\/section>\n\t\t\t\t\t<\/div>\n\t\t<\/div>\n\t\t\t\t\t<\/div>\n\t\t<\/section>\n\t\t\t\t<section class=\"elementor-section elementor-top-section elementor-element elementor-element-62d9e9f elementor-hidden-desktop elementor-hidden-tablet elementor-hidden-mobile elementor-section-boxed elementor-section-height-default elementor-section-height-default\" data-id=\"62d9e9f\" data-element_type=\"section\" data-e-type=\"section\">\n\t\t\t\t\t\t<div class=\"elementor-container elementor-column-gap-no\">\n\t\t\t\t\t<div class=\"elementor-column elementor-col-100 elementor-top-column elementor-element elementor-element-66846f5\" data-id=\"66846f5\" data-element_type=\"column\" data-e-type=\"column\">\n\t\t\t<div class=\"elementor-widget-wrap elementor-element-populated\">\n\t\t\t\t\t\t<section class=\"elementor-section elementor-inner-section elementor-element elementor-element-da5b85b elementor-section-boxed elementor-section-height-default elementor-section-height-default\" data-id=\"da5b85b\" data-element_type=\"section\" data-e-type=\"section\">\n\t\t\t\t\t\t<div class=\"elementor-container elementor-column-gap-no\">\n\t\t\t\t\t<div class=\"elementor-column elementor-col-50 elementor-inner-column elementor-element elementor-element-e0c818b\" data-id=\"e0c818b\" data-element_type=\"column\" data-e-type=\"column\">\n\t\t\t<div class=\"elementor-widget-wrap elementor-element-populated\">\n\t\t\t\t\t\t<div class=\"elementor-element elementor-element-cd7f311 elementor-widget elementor-widget-heading\" data-id=\"cd7f311\" data-element_type=\"widget\" data-e-type=\"widget\" data-widget_type=\"heading.default\">\n\t\t\t\t<div class=\"elementor-widget-container\">\n\t\t\t\t\t<h3 class=\"elementor-heading-title elementor-size-default\">Projets en Afrique<\/h3>\t\t\t\t<\/div>\n\t\t\t\t<\/div>\n\t\t\t\t\t<\/div>\n\t\t<\/div>\n\t\t\t\t<div class=\"elementor-column elementor-col-50 elementor-inner-column elementor-element elementor-element-6158401\" data-id=\"6158401\" data-element_type=\"column\" data-e-type=\"column\">\n\t\t\t<div class=\"elementor-widget-wrap elementor-element-populated\">\n\t\t\t\t\t\t<div class=\"elementor-element elementor-element-04bda35 elementor-widget elementor-widget-text-editor\" data-id=\"04bda35\" data-element_type=\"widget\" data-e-type=\"widget\" data-widget_type=\"text-editor.default\">\n\t\t\t\t<div class=\"elementor-widget-container\">\n\t\t\t\t\t\t\t\t\t<p><b><i>En cette ann\u00e9e 2025<\/i><\/b><span style=\"font-weight: 400;\"> &#8211; Partenariat avec l\u2019ONG Jeunesse Humanitaire du Congo, dont le si\u00e8ge est situ\u00e9 \u00e0 Brazzaville.<br \/><\/span><\/p><p><span style=\"font-weight: 400;\">But &#8211; Contribuer \u00e0 l\u2019autonomisation des femmes et jeunes femmes par l\u2019am\u00e9lioration de leur insertion socio-\u00e9conomique \u00e0 travers la cr\u00e9ation d\u2019une activit\u00e9 entrepreneuriale, l\u2019am\u00e9lioration de leur l\u2019employabilit\u00e9 pour acc\u00e9der au march\u00e9 de l\u2019artisanat.<\/span><\/p><p><span style=\"font-weight: 400;\">\u00a0Nous souhaitons soutenir des projets et initiatives initi\u00e9s par les femmes elles-m\u00eames dans le respect de leurs besoins et de leurs comp\u00e9tences, les aider \u00e0 am\u00e9liorer et\/ou d\u00e9velopper les savoir-faire locaux et lutter contre l\u2019exclusion et la pauvret\u00e9.<\/span><\/p><p><span style=\"font-weight: 400;\">\u00a0<\/span><i><span style=\"font-weight: 400;\">\u00ab L\u2019\u00e9coute, l\u2019orientation, le renforcement des comp\u00e9tences, l\u2019accompagnement des femmes vers l\u2019auto-emploi et l\u2019autonomie \u00bb<\/span><\/i><\/p><p><i><span style=\"font-weight: 400;\">\u00a0<\/span><\/i><b><i>Donner la parole \u00e0 la femme : une femme ind\u00e9pendante financi\u00e8rement a du pouvoir de d\u00e9cision pour le d\u00e9veloppement de son Pays<\/i><\/b><\/p><p><span style=\"font-weight: 400;\">\u00a0Participer au changement de mentalit\u00e9, de paradigme, aider les femmes qui souhaitent se lancer.<\/span><\/p><p><span style=\"font-weight: 400;\">Fleurs de Femmes asbl s\u2019engage \u00e0 financer le projet par des dons financiers et l\u2019ONG Jeunesse Humanitaire du Congo s\u2019engage \u00e0 acheter et fournir le mat\u00e9riel aux femmes concern\u00e9es.<\/span><\/p><p><span style=\"font-weight: 400;\">Projet &#8220;Faire grandir&#8221; par des dons en mat\u00e9riel pour \u2013 aide, soutien, accompagnement de 5 femmes qui ont suivi une formation et qui se sont lanc\u00e9es dans une activit\u00e9 entrepreneuriale.<\/span><\/p><p><span style=\"font-weight: 400;\">Leur permettre de d\u00e9velopper leur activit\u00e9 d\u00e9j\u00e0 naissante.<\/span><\/p><p><span style=\"font-weight: 400;\">1. \u00a0 \u00a0 Activit\u00e9 de fabrication et vente de produits cosm\u00e9tiques<br \/>2. \u00a0 \u00a0 Activit\u00e9 de fabrication et vente de produits en savonnerie<\/span><\/p><p><span style=\"font-weight: 400;\">\u00a0<\/span><\/p>\t\t\t\t\t\t\t\t<\/div>\n\t\t\t\t<\/div>\n\t\t\t\t\t<\/div>\n\t\t<\/div>\n\t\t\t\t\t<\/div>\n\t\t<\/section>\n\t\t\t\t\t<\/div>\n\t\t<\/div>\n\t\t\t\t\t<\/div>\n\t\t<\/section>\n\t\t<div class=\"elementor-element elementor-element-c50cc16 elementor-hidden-desktop elementor-hidden-tablet elementor-hidden-mobile e-flex e-con-boxed e-con e-parent\" data-id=\"c50cc16\" data-element_type=\"container\" data-e-type=\"container\">\n\t\t\t\t\t<div class=\"e-con-inner\">\n\t\t\t\t<div class=\"elementor-element elementor-element-d86264b elementor-widget elementor-widget-image-gallery\" data-id=\"d86264b\" data-element_type=\"widget\" data-e-type=\"widget\" data-widget_type=\"image-gallery.default\">\n\t\t\t\t<div class=\"elementor-widget-container\">\n\t\t\t\t\t\t\t<div class=\"elementor-image-gallery\">\n\t\t\t<div id='gallery-1' class='gallery galleryid-132 gallery-columns-6 gallery-size-large'><figure class='gallery-item'>\n\t\t\t<div class='gallery-icon landscape'>\n\t\t\t\t<a data-elementor-open-lightbox=\"yes\" data-elementor-lightbox-slideshow=\"d86264b\" data-elementor-lightbox-title=\"Image2\" data-e-action-hash=\"#elementor-action%3Aaction%3Dlightbox%26settings%3DeyJpZCI6MjY2LCJ1cmwiOiJodHRwczpcL1wvZmxldXJzZGVmZW1tZXMub3JnXC93cC1jb250ZW50XC91cGxvYWRzXC8yMDI1XC8wNVwvSW1hZ2UyLTEuanBnIiwic2xpZGVzaG93IjoiZDg2MjY0YiJ9\" href='https:\/\/fleursdefemmes.org\/wp-content\/uploads\/2025\/05\/Image2-1.jpg'><img decoding=\"async\" width=\"190\" height=\"142\" src=\"https:\/\/fleursdefemmes.org\/wp-content\/uploads\/2025\/05\/Image2-1.jpg\" class=\"attachment-large size-large\" alt=\"\" \/><\/a>\n\t\t\t<\/div><\/figure><figure class='gallery-item'>\n\t\t\t<div class='gallery-icon portrait'>\n\t\t\t\t<a data-elementor-open-lightbox=\"yes\" data-elementor-lightbox-slideshow=\"d86264b\" data-elementor-lightbox-title=\"Image5\" data-e-action-hash=\"#elementor-action%3Aaction%3Dlightbox%26settings%3DeyJpZCI6MjU5LCJ1cmwiOiJodHRwczpcL1wvZmxldXJzZGVmZW1tZXMub3JnXC93cC1jb250ZW50XC91cGxvYWRzXC8yMDI1XC8wNVwvSW1hZ2U1LmpwZyIsInNsaWRlc2hvdyI6ImQ4NjI2NGIifQ%3D%3D\" href='https:\/\/fleursdefemmes.org\/wp-content\/uploads\/2025\/05\/Image5.jpg'><img fetchpriority=\"high\" decoding=\"async\" width=\"327\" height=\"585\" src=\"https:\/\/fleursdefemmes.org\/wp-content\/uploads\/2025\/05\/Image5.jpg\" class=\"attachment-large size-large\" alt=\"\" srcset=\"https:\/\/fleursdefemmes.org\/wp-content\/uploads\/2025\/05\/Image5.jpg 327w, https:\/\/fleursdefemmes.org\/wp-content\/uploads\/2025\/05\/Image5-168x300.jpg 168w\" sizes=\"(max-width: 327px) 100vw, 327px\" \/><\/a>\n\t\t\t<\/div><\/figure><figure class='gallery-item'>\n\t\t\t<div class='gallery-icon portrait'>\n\t\t\t\t<a data-elementor-open-lightbox=\"yes\" data-elementor-lightbox-slideshow=\"d86264b\" data-elementor-lightbox-title=\"Jeune Femme form\u00e9e 2\" data-e-action-hash=\"#elementor-action%3Aaction%3Dlightbox%26settings%3DeyJpZCI6MzQ3LCJ1cmwiOiJodHRwczpcL1wvZmxldXJzZGVmZW1tZXMub3JnXC93cC1jb250ZW50XC91cGxvYWRzXC8yMDI1XC8wNVwvSmV1bmUtRmVtbWUtZm9ybWVlLTIuanBnIiwic2xpZGVzaG93IjoiZDg2MjY0YiJ9\" href='https:\/\/fleursdefemmes.org\/wp-content\/uploads\/2025\/05\/Jeune-Femme-formee-2.jpg'><img decoding=\"async\" width=\"768\" height=\"1024\" src=\"https:\/\/fleursdefemmes.org\/wp-content\/uploads\/2025\/05\/Jeune-Femme-formee-2-768x1024.jpg\" class=\"attachment-large size-large\" alt=\"\" srcset=\"https:\/\/fleursdefemmes.org\/wp-content\/uploads\/2025\/05\/Jeune-Femme-formee-2-768x1024.jpg 768w, https:\/\/fleursdefemmes.org\/wp-content\/uploads\/2025\/05\/Jeune-Femme-formee-2-225x300.jpg 225w, https:\/\/fleursdefemmes.org\/wp-content\/uploads\/2025\/05\/Jeune-Femme-formee-2-600x800.jpg 600w, https:\/\/fleursdefemmes.org\/wp-content\/uploads\/2025\/05\/Jeune-Femme-formee-2.jpg 810w\" sizes=\"(max-width: 768px) 100vw, 768px\" \/><\/a>\n\t\t\t<\/div><\/figure><figure class='gallery-item'>\n\t\t\t<div class='gallery-icon landscape'>\n\t\t\t\t<a data-elementor-open-lightbox=\"yes\" data-elementor-lightbox-slideshow=\"d86264b\" data-elementor-lightbox-title=\"Formation teinturerie 14\" data-e-action-hash=\"#elementor-action%3Aaction%3Dlightbox%26settings%3DeyJpZCI6MzM2LCJ1cmwiOiJodHRwczpcL1wvZmxldXJzZGVmZW1tZXMub3JnXC93cC1jb250ZW50XC91cGxvYWRzXC8yMDI1XC8wNVwvRm9ybWF0aW9uLXRlaW50dXJlcmllLTE0LmpwZyIsInNsaWRlc2hvdyI6ImQ4NjI2NGIifQ%3D%3D\" href='https:\/\/fleursdefemmes.org\/wp-content\/uploads\/2025\/05\/Formation-teinturerie-14.jpg'><img loading=\"lazy\" decoding=\"async\" width=\"800\" height=\"600\" src=\"https:\/\/fleursdefemmes.org\/wp-content\/uploads\/2025\/05\/Formation-teinturerie-14.jpg\" class=\"attachment-large size-large\" alt=\"\" srcset=\"https:\/\/fleursdefemmes.org\/wp-content\/uploads\/2025\/05\/Formation-teinturerie-14.jpg 1024w, https:\/\/fleursdefemmes.org\/wp-content\/uploads\/2025\/05\/Formation-teinturerie-14-300x225.jpg 300w, https:\/\/fleursdefemmes.org\/wp-content\/uploads\/2025\/05\/Formation-teinturerie-14-768x576.jpg 768w, https:\/\/fleursdefemmes.org\/wp-content\/uploads\/2025\/05\/Formation-teinturerie-14-600x450.jpg 600w\" sizes=\"(max-width: 800px) 100vw, 800px\" \/><\/a>\n\t\t\t<\/div><\/figure><figure class='gallery-item'>\n\t\t\t<div class='gallery-icon portrait'>\n\t\t\t\t<a data-elementor-open-lightbox=\"yes\" data-elementor-lightbox-slideshow=\"d86264b\" data-elementor-lightbox-title=\"Jeune Femme form\u00e9e 1\" data-e-action-hash=\"#elementor-action%3Aaction%3Dlightbox%26settings%3DeyJpZCI6MzQ2LCJ1cmwiOiJodHRwczpcL1wvZmxldXJzZGVmZW1tZXMub3JnXC93cC1jb250ZW50XC91cGxvYWRzXC8yMDI1XC8wNVwvSmV1bmUtRmVtbWUtZm9ybWVlLTEuanBnIiwic2xpZGVzaG93IjoiZDg2MjY0YiJ9\" href='https:\/\/fleursdefemmes.org\/wp-content\/uploads\/2025\/05\/Jeune-Femme-formee-1.jpg'><img loading=\"lazy\" decoding=\"async\" width=\"768\" height=\"1024\" src=\"https:\/\/fleursdefemmes.org\/wp-content\/uploads\/2025\/05\/Jeune-Femme-formee-1-768x1024.jpg\" class=\"attachment-large size-large\" alt=\"\" srcset=\"https:\/\/fleursdefemmes.org\/wp-content\/uploads\/2025\/05\/Jeune-Femme-formee-1-768x1024.jpg 768w, https:\/\/fleursdefemmes.org\/wp-content\/uploads\/2025\/05\/Jeune-Femme-formee-1-225x300.jpg 225w, https:\/\/fleursdefemmes.org\/wp-content\/uploads\/2025\/05\/Jeune-Femme-formee-1-600x800.jpg 600w, https:\/\/fleursdefemmes.org\/wp-content\/uploads\/2025\/05\/Jeune-Femme-formee-1.jpg 810w\" sizes=\"(max-width: 768px) 100vw, 768px\" \/><\/a>\n\t\t\t<\/div><\/figure><figure class='gallery-item'>\n\t\t\t<div class='gallery-icon landscape'>\n\t\t\t\t<a data-elementor-open-lightbox=\"yes\" data-elementor-lightbox-slideshow=\"d86264b\" data-elementor-lightbox-title=\"Formation th\u00e9orique\" data-e-action-hash=\"#elementor-action%3Aaction%3Dlightbox%26settings%3DeyJpZCI6MzQ1LCJ1cmwiOiJodHRwczpcL1wvZmxldXJzZGVmZW1tZXMub3JnXC93cC1jb250ZW50XC91cGxvYWRzXC8yMDI1XC8wNVwvRm9ybWF0aW9uLXRoZW9yaXF1ZS0uanBnIiwic2xpZGVzaG93IjoiZDg2MjY0YiJ9\" href='https:\/\/fleursdefemmes.org\/wp-content\/uploads\/2025\/05\/Formation-theorique-.jpg'><img loading=\"lazy\" decoding=\"async\" width=\"800\" height=\"600\" src=\"https:\/\/fleursdefemmes.org\/wp-content\/uploads\/2025\/05\/Formation-theorique-.jpg\" class=\"attachment-large size-large\" alt=\"\" srcset=\"https:\/\/fleursdefemmes.org\/wp-content\/uploads\/2025\/05\/Formation-theorique-.jpg 992w, https:\/\/fleursdefemmes.org\/wp-content\/uploads\/2025\/05\/Formation-theorique--300x225.jpg 300w, https:\/\/fleursdefemmes.org\/wp-content\/uploads\/2025\/05\/Formation-theorique--768x576.jpg 768w, https:\/\/fleursdefemmes.org\/wp-content\/uploads\/2025\/05\/Formation-theorique--600x450.jpg 600w\" sizes=\"(max-width: 800px) 100vw, 800px\" \/><\/a>\n\t\t\t<\/div><\/figure><figure class='gallery-item'>\n\t\t\t<div class='gallery-icon portrait'>\n\t\t\t\t<a data-elementor-open-lightbox=\"yes\" data-elementor-lightbox-slideshow=\"d86264b\" data-elementor-lightbox-title=\"Formation teinturerie 15\" data-e-action-hash=\"#elementor-action%3Aaction%3Dlightbox%26settings%3DeyJpZCI6MzQ0LCJ1cmwiOiJodHRwczpcL1wvZmxldXJzZGVmZW1tZXMub3JnXC93cC1jb250ZW50XC91cGxvYWRzXC8yMDI1XC8wNVwvRm9ybWF0aW9uLXRlaW50dXJlcmllLTE1LmpwZyIsInNsaWRlc2hvdyI6ImQ4NjI2NGIifQ%3D%3D\" href='https:\/\/fleursdefemmes.org\/wp-content\/uploads\/2025\/05\/Formation-teinturerie-15.jpg'><img loading=\"lazy\" decoding=\"async\" width=\"768\" height=\"1024\" src=\"https:\/\/fleursdefemmes.org\/wp-content\/uploads\/2025\/05\/Formation-teinturerie-15-768x1024.jpg\" class=\"attachment-large size-large\" alt=\"\" srcset=\"https:\/\/fleursdefemmes.org\/wp-content\/uploads\/2025\/05\/Formation-teinturerie-15-768x1024.jpg 768w, https:\/\/fleursdefemmes.org\/wp-content\/uploads\/2025\/05\/Formation-teinturerie-15-225x300.jpg 225w, https:\/\/fleursdefemmes.org\/wp-content\/uploads\/2025\/05\/Formation-teinturerie-15-600x800.jpg 600w, https:\/\/fleursdefemmes.org\/wp-content\/uploads\/2025\/05\/Formation-teinturerie-15.jpg 810w\" sizes=\"(max-width: 768px) 100vw, 768px\" \/><\/a>\n\t\t\t<\/div><\/figure><figure class='gallery-item'>\n\t\t\t<div class='gallery-icon landscape'>\n\t\t\t\t<a data-elementor-open-lightbox=\"yes\" data-elementor-lightbox-slideshow=\"d86264b\" data-elementor-lightbox-title=\"Formation teinturerie 14\" data-e-action-hash=\"#elementor-action%3Aaction%3Dlightbox%26settings%3DeyJpZCI6MzQzLCJ1cmwiOiJodHRwczpcL1wvZmxldXJzZGVmZW1tZXMub3JnXC93cC1jb250ZW50XC91cGxvYWRzXC8yMDI1XC8wNVwvRm9ybWF0aW9uLXRlaW50dXJlcmllLTE0LTEuanBnIiwic2xpZGVzaG93IjoiZDg2MjY0YiJ9\" href='https:\/\/fleursdefemmes.org\/wp-content\/uploads\/2025\/05\/Formation-teinturerie-14-1.jpg'><img loading=\"lazy\" decoding=\"async\" width=\"800\" height=\"600\" src=\"https:\/\/fleursdefemmes.org\/wp-content\/uploads\/2025\/05\/Formation-teinturerie-14-1.jpg\" class=\"attachment-large size-large\" alt=\"\" srcset=\"https:\/\/fleursdefemmes.org\/wp-content\/uploads\/2025\/05\/Formation-teinturerie-14-1.jpg 1024w, https:\/\/fleursdefemmes.org\/wp-content\/uploads\/2025\/05\/Formation-teinturerie-14-1-300x225.jpg 300w, https:\/\/fleursdefemmes.org\/wp-content\/uploads\/2025\/05\/Formation-teinturerie-14-1-768x576.jpg 768w, https:\/\/fleursdefemmes.org\/wp-content\/uploads\/2025\/05\/Formation-teinturerie-14-1-600x450.jpg 600w\" sizes=\"(max-width: 800px) 100vw, 800px\" \/><\/a>\n\t\t\t<\/div><\/figure><figure class='gallery-item'>\n\t\t\t<div class='gallery-icon portrait'>\n\t\t\t\t<a data-elementor-open-lightbox=\"yes\" data-elementor-lightbox-slideshow=\"d86264b\" data-elementor-lightbox-title=\"Formation teinturerie 13\" data-e-action-hash=\"#elementor-action%3Aaction%3Dlightbox%26settings%3DeyJpZCI6MzQyLCJ1cmwiOiJodHRwczpcL1wvZmxldXJzZGVmZW1tZXMub3JnXC93cC1jb250ZW50XC91cGxvYWRzXC8yMDI1XC8wNVwvRm9ybWF0aW9uLXRlaW50dXJlcmllLTEzLmpwZyIsInNsaWRlc2hvdyI6ImQ4NjI2NGIifQ%3D%3D\" href='https:\/\/fleursdefemmes.org\/wp-content\/uploads\/2025\/05\/Formation-teinturerie-13.jpg'><img loading=\"lazy\" decoding=\"async\" width=\"744\" height=\"992\" src=\"https:\/\/fleursdefemmes.org\/wp-content\/uploads\/2025\/05\/Formation-teinturerie-13.jpg\" class=\"attachment-large size-large\" alt=\"\" srcset=\"https:\/\/fleursdefemmes.org\/wp-content\/uploads\/2025\/05\/Formation-teinturerie-13.jpg 744w, https:\/\/fleursdefemmes.org\/wp-content\/uploads\/2025\/05\/Formation-teinturerie-13-225x300.jpg 225w, https:\/\/fleursdefemmes.org\/wp-content\/uploads\/2025\/05\/Formation-teinturerie-13-600x800.jpg 600w\" sizes=\"(max-width: 744px) 100vw, 744px\" \/><\/a>\n\t\t\t<\/div><\/figure><figure class='gallery-item'>\n\t\t\t<div class='gallery-icon portrait'>\n\t\t\t\t<a data-elementor-open-lightbox=\"yes\" data-elementor-lightbox-slideshow=\"d86264b\" data-elementor-lightbox-title=\"Image4\" data-e-action-hash=\"#elementor-action%3Aaction%3Dlightbox%26settings%3DeyJpZCI6MjU4LCJ1cmwiOiJodHRwczpcL1wvZmxldXJzZGVmZW1tZXMub3JnXC93cC1jb250ZW50XC91cGxvYWRzXC8yMDI1XC8wNVwvSW1hZ2U0LmpwZyIsInNsaWRlc2hvdyI6ImQ4NjI2NGIifQ%3D%3D\" href='https:\/\/fleursdefemmes.org\/wp-content\/uploads\/2025\/05\/Image4.jpg'><img loading=\"lazy\" decoding=\"async\" width=\"322\" height=\"565\" src=\"https:\/\/fleursdefemmes.org\/wp-content\/uploads\/2025\/05\/Image4.jpg\" class=\"attachment-large size-large\" alt=\"\" srcset=\"https:\/\/fleursdefemmes.org\/wp-content\/uploads\/2025\/05\/Image4.jpg 322w, https:\/\/fleursdefemmes.org\/wp-content\/uploads\/2025\/05\/Image4-171x300.jpg 171w\" sizes=\"(max-width: 322px) 100vw, 322px\" \/><\/a>\n\t\t\t<\/div><\/figure><figure class='gallery-item'>\n\t\t\t<div class='gallery-icon portrait'>\n\t\t\t\t<a data-elementor-open-lightbox=\"yes\" data-elementor-lightbox-slideshow=\"d86264b\" data-elementor-lightbox-title=\"Formation savonnerie\" data-e-action-hash=\"#elementor-action%3Aaction%3Dlightbox%26settings%3DeyJpZCI6MzQxLCJ1cmwiOiJodHRwczpcL1wvZmxldXJzZGVmZW1tZXMub3JnXC93cC1jb250ZW50XC91cGxvYWRzXC8yMDI1XC8wNVwvRm9ybWF0aW9uLXNhdm9ubmVyaWUuanBnIiwic2xpZGVzaG93IjoiZDg2MjY0YiJ9\" href='https:\/\/fleursdefemmes.org\/wp-content\/uploads\/2025\/05\/Formation-savonnerie.jpg'><img loading=\"lazy\" decoding=\"async\" width=\"768\" height=\"1024\" src=\"https:\/\/fleursdefemmes.org\/wp-content\/uploads\/2025\/05\/Formation-savonnerie-768x1024.jpg\" class=\"attachment-large size-large\" alt=\"\" srcset=\"https:\/\/fleursdefemmes.org\/wp-content\/uploads\/2025\/05\/Formation-savonnerie-768x1024.jpg 768w, https:\/\/fleursdefemmes.org\/wp-content\/uploads\/2025\/05\/Formation-savonnerie-225x300.jpg 225w, https:\/\/fleursdefemmes.org\/wp-content\/uploads\/2025\/05\/Formation-savonnerie-600x800.jpg 600w, https:\/\/fleursdefemmes.org\/wp-content\/uploads\/2025\/05\/Formation-savonnerie.jpg 810w\" sizes=\"(max-width: 768px) 100vw, 768px\" \/><\/a>\n\t\t\t<\/div><\/figure>\n\t\t<\/div>\n\t\t<\/div>\n\t\t\t\t\t\t<\/div>\n\t\t\t\t<\/div>\n\t\t\t\t\t<\/div>\n\t\t\t\t<\/div>\n\t\t\t\t<\/div>\n\t\t","protected":false},"excerpt":{"rendered":"<p>INTRODUCTION OF US Nos projets reposent sur quatre piliers fondamentaux Encourager (Semer) : Offrir une opportunit\u00e9 unique \u00e0 chaque femme d\u2019explorer son potentiel cr\u00e9atif, de d\u00e9couvrir diff\u00e9rents m\u00e9tiers de l\u2019artisanat et de s\u2019exprimer librement. Aider (Faire grandir) : Aider chaque femme \u00e0 structurer son projet, que ce soit un simple hobby, une activit\u00e9 compl\u00e9mentaire ou [&hellip;]<\/p>\n","protected":false},"author":1,"featured_media":0,"parent":0,"menu_order":0,"comment_status":"closed","ping_status":"closed","template":"","meta":{"footnotes":""},"class_list":["post-132","page","type-page","status-publish","hentry"],"_links":{"self":[{"href":"https:\/\/fleursdefemmes.org\/index.php\/wp-json\/wp\/v2\/pages\/132","targetHints":{"allow":["GET"]}}],"collection":[{"href":"https:\/\/fleursdefemmes.org\/index.php\/wp-json\/wp\/v2\/pages"}],"about":[{"href":"https:\/\/fleursdefemmes.org\/index.php\/wp-json\/wp\/v2\/types\/page"}],"author":[{"embeddable":true,"href":"https:\/\/fleursdefemmes.org\/index.php\/wp-json\/wp\/v2\/users\/1"}],"replies":[{"embeddable":true,"href":"https:\/\/fleursdefemmes.org\/index.php\/wp-json\/wp\/v2\/comments?post=132"}],"version-history":[{"count":40,"href":"https:\/\/fleursdefemmes.org\/index.php\/wp-json\/wp\/v2\/pages\/132\/revisions"}],"predecessor-version":[{"id":834,"href":"https:\/\/fleursdefemmes.org\/index.php\/wp-json\/wp\/v2\/pages\/132\/revisions\/834"}],"wp:attachment":[{"href":"https:\/\/fleursdefemmes.org\/index.php\/wp-json\/wp\/v2\/media?parent=132"}],"curies":[{"name":"wp","href":"https:\/\/api.w.org\/{rel}","templated":true}]}}