{"id":122,"date":"2025-03-03T11:43:46","date_gmt":"2025-03-03T11:43:46","guid":{"rendered":"https:\/\/fleursdefemmes.org\/?page_id=122"},"modified":"2025-08-12T13:35:44","modified_gmt":"2025-08-12T13:35:44","slug":"notre-histoire","status":"publish","type":"page","link":"https:\/\/fleursdefemmes.org\/index.php\/notre-histoire\/","title":{"rendered":"Notre Histoire"},"content":{"rendered":"\t\t<div data-elementor-type=\"wp-page\" data-elementor-id=\"122\" class=\"elementor elementor-122\" data-elementor-post-type=\"page\">\n\t\t\t\t\t\t<section class=\"elementor-section elementor-top-section elementor-element elementor-element-3cc111c1 elementor-section-height-min-height elementor-section-boxed elementor-section-height-default elementor-section-items-middle\" data-id=\"3cc111c1\" data-element_type=\"section\" data-e-type=\"section\" data-settings=\"{&quot;background_background&quot;:&quot;classic&quot;}\">\n\t\t\t\t\t\t\t<div class=\"elementor-background-overlay\"><\/div>\n\t\t\t\t\t\t\t<div class=\"elementor-container elementor-column-gap-no\">\n\t\t\t\t\t<div class=\"elementor-column elementor-col-100 elementor-top-column elementor-element elementor-element-7c71b784\" data-id=\"7c71b784\" data-element_type=\"column\" data-e-type=\"column\" data-settings=\"{&quot;background_background&quot;:&quot;classic&quot;}\">\n\t\t\t<div class=\"elementor-widget-wrap elementor-element-populated\">\n\t\t\t\t\t\t\t<\/div>\n\t\t<\/div>\n\t\t\t\t\t<\/div>\n\t\t<\/section>\n\t\t\t\t<section class=\"elementor-section elementor-top-section elementor-element elementor-element-787642b0 elementor-section-boxed elementor-section-height-default elementor-section-height-default\" data-id=\"787642b0\" data-element_type=\"section\" data-e-type=\"section\">\n\t\t\t\t\t\t<div class=\"elementor-container elementor-column-gap-no\">\n\t\t\t\t\t<div class=\"elementor-column elementor-col-100 elementor-top-column elementor-element elementor-element-5b04c0dc\" data-id=\"5b04c0dc\" data-element_type=\"column\" data-e-type=\"column\">\n\t\t\t<div class=\"elementor-widget-wrap elementor-element-populated\">\n\t\t\t\t\t\t<section class=\"elementor-section elementor-inner-section elementor-element elementor-element-946618b elementor-section-boxed elementor-section-height-default elementor-section-height-default\" data-id=\"946618b\" data-element_type=\"section\" data-e-type=\"section\">\n\t\t\t\t\t\t<div class=\"elementor-container elementor-column-gap-no\">\n\t\t\t\t\t<div class=\"elementor-column elementor-col-50 elementor-inner-column elementor-element elementor-element-02697f7\" data-id=\"02697f7\" data-element_type=\"column\" data-e-type=\"column\">\n\t\t\t<div class=\"elementor-widget-wrap elementor-element-populated\">\n\t\t\t\t\t\t<div class=\"elementor-element elementor-element-356a5df elementor-widget elementor-widget-heading\" data-id=\"356a5df\" data-element_type=\"widget\" data-e-type=\"widget\" data-widget_type=\"heading.default\">\n\t\t\t\t<div class=\"elementor-widget-container\">\n\t\t\t\t\t<h3 class=\"elementor-heading-title elementor-size-default\">Qui sommes-nous ?<\/h3>\t\t\t\t<\/div>\n\t\t\t\t<\/div>\n\t\t\t\t<div class=\"elementor-element elementor-element-632e2bf elementor-widget elementor-widget-text-editor\" data-id=\"632e2bf\" data-element_type=\"widget\" data-e-type=\"widget\" data-widget_type=\"text-editor.default\">\n\t\t\t\t<div class=\"elementor-widget-container\">\n\t\t\t\t\t\t\t\t\t<p><span style=\"font-weight: 400;\"><br \/>Fleurs de Femmes ASBL est une organisation \u00e0 but non lucratif <span style=\"color: #f26a2c;\"><strong>cr\u00e9\u00e9e officiellement en Belgique en janvier 2024,<\/strong> <\/span>d\u00e9di\u00e9e \u00e0 la coop\u00e9ration au d\u00e9veloppement, \u00e0 la formation, et \u00e0 l\u2019aide sociale.<br \/><\/span><\/p><p><strong>Vision<br \/><\/strong>L\u2019Association Fleurs de Femmes a pour vision des <strong><span style=\"color: #f26a2c;\">milliers de femmes africaines\/des diasporas s&#8217;\u00e9panouir dans les m\u00e9tiers de l\u2019art et l\u2019artisanat<\/span><\/strong> avec beaucoup de cr\u00e9ativit\u00e9, d\u2019originalit\u00e9, d\u2019authenticit\u00e9, les voir se d\u00e9velopper tout en assurant et renfor\u00e7ant leur autonomisation.<\/p><p><strong>Mission<br \/><\/strong>Notre objectif principal est de <span style=\"color: #f26a2c;\"><strong>soutenir les femmes<\/strong> <\/span>artisanes, en Afrique comme dans la diaspora, en les accompagnant vers plus d&#8217;autonomie dans l\u2019exercice de leur m\u00e9tier.\u00a0\u00a0<\/p><p><span style=\"font-weight: 400;\">L&#8217;association poursuit plusieurs missions :<\/span><\/p><ul><li aria-level=\"1\"><p><strong><span style=\"color: #f26a2c;\">Autonomisation des femmes<\/span><\/strong><\/p><\/li><li aria-level=\"1\"><p><strong><span style=\"color: #f26a2c;\">Promotion de la formation et de l\u2019apprentissage\u00a0\u00a0\u00a0\u00a0\u00a0\u00a0\u00a0\u00a0\u00a0\u00a0\u00a0\u00a0\u00a0\u00a0<\/span><\/strong><\/p><\/li><li style=\"font-weight: 400;\" aria-level=\"1\"><strong><span style=\"color: #f26a2c;\">Soutien \u00e0 l&#8217;entrepreneuriat<\/span><\/strong><\/li><li style=\"font-weight: 400;\" aria-level=\"1\"><strong><span style=\"color: #f26a2c;\">Aide sociale et psychologique<\/span><\/strong><\/li><\/ul><p><span style=\"font-weight: 400;\"><br \/>Fleurs de Femmes ASBL agit \u00e0 la fois <span style=\"color: #f26a2c;\"><strong>en Belgique et en Afrique<\/strong><\/span> pour mettre en place ces actions.<\/span><\/p>\t\t\t\t\t\t\t\t<\/div>\n\t\t\t\t<\/div>\n\t\t\t\t\t<\/div>\n\t\t<\/div>\n\t\t\t\t<div class=\"elementor-column elementor-col-50 elementor-inner-column elementor-element elementor-element-b04fc7d\" data-id=\"b04fc7d\" data-element_type=\"column\" data-e-type=\"column\">\n\t\t\t<div class=\"elementor-widget-wrap elementor-element-populated\">\n\t\t\t\t\t\t<div class=\"elementor-element elementor-element-2f1b4f3 elementor-absolute elementor-widget elementor-widget-image\" data-id=\"2f1b4f3\" data-element_type=\"widget\" data-e-type=\"widget\" data-settings=\"{&quot;_position&quot;:&quot;absolute&quot;}\" data-widget_type=\"image.default\">\n\t\t\t\t<div class=\"elementor-widget-container\">\n\t\t\t\t\t\t\t\t\t\t\t\t\t\t\t<img decoding=\"async\" width=\"232\" height=\"131\" src=\"https:\/\/fleursdefemmes.org\/wp-content\/uploads\/2025\/05\/Image10-2.jpg\" class=\"attachment-full size-full wp-image-403\" alt=\"\" \/>\t\t\t\t\t\t\t\t\t\t\t\t\t\t\t<\/div>\n\t\t\t\t<\/div>\n\t\t\t\t\t<\/div>\n\t\t<\/div>\n\t\t\t\t\t<\/div>\n\t\t<\/section>\n\t\t\t\t\t<\/div>\n\t\t<\/div>\n\t\t\t\t\t<\/div>\n\t\t<\/section>\n\t\t<div class=\"elementor-element elementor-element-238d52e e-flex e-con-boxed e-con e-parent\" data-id=\"238d52e\" data-element_type=\"container\" data-e-type=\"container\">\n\t\t\t\t\t<div class=\"e-con-inner\">\n\t\t\t\t\t<\/div>\n\t\t\t\t<\/div>\n\t\t\t\t<section class=\"elementor-section elementor-top-section elementor-element elementor-element-e5b1d80 elementor-section-boxed elementor-section-height-default elementor-section-height-default\" data-id=\"e5b1d80\" data-element_type=\"section\" data-e-type=\"section\">\n\t\t\t\t\t\t<div class=\"elementor-container elementor-column-gap-no\">\n\t\t\t\t\t<div class=\"elementor-column elementor-col-100 elementor-top-column elementor-element elementor-element-2e570bd\" data-id=\"2e570bd\" data-element_type=\"column\" data-e-type=\"column\">\n\t\t\t<div class=\"elementor-widget-wrap elementor-element-populated\">\n\t\t\t\t\t\t<section class=\"elementor-section elementor-inner-section elementor-element elementor-element-fcab077 elementor-section-boxed elementor-section-height-default elementor-section-height-default\" data-id=\"fcab077\" data-element_type=\"section\" data-e-type=\"section\">\n\t\t\t\t\t\t<div class=\"elementor-container elementor-column-gap-no\">\n\t\t\t\t\t<div class=\"elementor-column elementor-col-50 elementor-inner-column elementor-element elementor-element-13007e6\" data-id=\"13007e6\" data-element_type=\"column\" data-e-type=\"column\">\n\t\t\t<div class=\"elementor-widget-wrap elementor-element-populated\">\n\t\t\t\t\t\t<div class=\"elementor-element elementor-element-f1dd9e3 elementor-widget elementor-widget-heading\" data-id=\"f1dd9e3\" data-element_type=\"widget\" data-e-type=\"widget\" data-widget_type=\"heading.default\">\n\t\t\t\t<div class=\"elementor-widget-container\">\n\t\t\t\t\t<h3 class=\"elementor-heading-title elementor-size-default\">Valeurs <\/h3>\t\t\t\t<\/div>\n\t\t\t\t<\/div>\n\t\t\t\t<div class=\"elementor-element elementor-element-6a7bd71 elementor-widget elementor-widget-text-editor\" data-id=\"6a7bd71\" data-element_type=\"widget\" data-e-type=\"widget\" data-widget_type=\"text-editor.default\">\n\t\t\t\t<div class=\"elementor-widget-container\">\n\t\t\t\t\t\t\t\t\t<ul><li><span style=\"color: #f26a2c;\"><b>Respect<\/b><\/span><b><br \/><\/b><span style=\"font-weight: 400;\"> Nous nous engageons \u00e0 aller au plus pr\u00e8s de chaque femme, sans distinction de condition sociale, de niveau d\u2019\u00e9ducation, de situation familiale. Respecter l&#8217;int\u00e9grit\u00e9 de chacune, l\u2019accueillir avec empathie et confiance, et valoriser un esprit d\u2019\u00e9change et de partage.<\/span><\/li><li><span style=\"color: #f26a2c;\"><b>Entraide<\/b><\/span><b><br \/><\/b><span style=\"font-weight: 400;\"><span style=\"font-weight: 400;\"> Nous encourageons le partage d\u2019exp\u00e9riences et de savoir-faire, valoriser les parcours de vie, les t\u00e9moignages, les r\u00e9ussites, mais aussi les d\u00e9fis rencontr\u00e9s. Cette entraide s\u2019exprime par des \u00e9changes de conseils pratiques, de bons plans, d\u2019outils et de ressources.<\/span><\/span><\/li><li><span style=\"color: #f26a2c;\"><b>Cr\u00e9ativit\u00e9<\/b><\/span><b><br \/><\/b><span style=\"font-weight: 400;\"><span style=\"font-weight: 400;\"> L\u2019association s\u2019applique \u00e0 faire \u00e9merger et valoriser la cr\u00e9ativit\u00e9 unique de chaque femme. Fleurs de Femmes croit au potentiel de toutes et veille \u00e0 offrir un espace o\u00f9 chaque talent peut s&#8217;exprimer pleinement.<\/span><\/span><\/li><li><span style=\"color: #f26a2c;\"><b>Excellence<\/b><\/span><b><br \/><\/b><span style=\"font-weight: 400;\"> Favoriser l\u2019excellence, en promouvant la qualit\u00e9 et le soin dans tout ce que nous entreprenons. Nous aspirons \u00e0 une d\u00e9marche o\u00f9 chaque travail est bien fait, dans un souci de pr\u00e9cision, de beaut\u00e9 et d\u2019impact.<\/span><\/li><\/ul><p><span style=\"font-weight: 400;\">\u00a0<\/span><\/p>\t\t\t\t\t\t\t\t<\/div>\n\t\t\t\t<\/div>\n\t\t\t\t\t<\/div>\n\t\t<\/div>\n\t\t\t\t<div class=\"elementor-column elementor-col-50 elementor-inner-column elementor-element elementor-element-6ec251e\" data-id=\"6ec251e\" data-element_type=\"column\" data-e-type=\"column\">\n\t\t\t<div class=\"elementor-widget-wrap elementor-element-populated\">\n\t\t\t\t\t\t<div class=\"elementor-element elementor-element-566b72a elementor-widget elementor-widget-image\" data-id=\"566b72a\" data-element_type=\"widget\" data-e-type=\"widget\" data-widget_type=\"image.default\">\n\t\t\t\t<div class=\"elementor-widget-container\">\n\t\t\t\t\t\t\t\t\t\t\t\t\t\t\t<img fetchpriority=\"high\" decoding=\"async\" width=\"1414\" height=\"2000\" src=\"https:\/\/fleursdefemmes.org\/wp-content\/uploads\/2025\/05\/Events-Portrait-.jpg\" class=\"attachment-full size-full wp-image-398\" alt=\"\" srcset=\"https:\/\/fleursdefemmes.org\/wp-content\/uploads\/2025\/05\/Events-Portrait-.jpg 1414w, https:\/\/fleursdefemmes.org\/wp-content\/uploads\/2025\/05\/Events-Portrait--212x300.jpg 212w, https:\/\/fleursdefemmes.org\/wp-content\/uploads\/2025\/05\/Events-Portrait--724x1024.jpg 724w, https:\/\/fleursdefemmes.org\/wp-content\/uploads\/2025\/05\/Events-Portrait--768x1086.jpg 768w, https:\/\/fleursdefemmes.org\/wp-content\/uploads\/2025\/05\/Events-Portrait--1086x1536.jpg 1086w, https:\/\/fleursdefemmes.org\/wp-content\/uploads\/2025\/05\/Events-Portrait--600x849.jpg 600w\" sizes=\"(max-width: 1414px) 100vw, 1414px\" \/>\t\t\t\t\t\t\t\t\t\t\t\t\t\t\t<\/div>\n\t\t\t\t<\/div>\n\t\t\t\t\t<\/div>\n\t\t<\/div>\n\t\t\t\t\t<\/div>\n\t\t<\/section>\n\t\t\t\t\t<\/div>\n\t\t<\/div>\n\t\t\t\t\t<\/div>\n\t\t<\/section>\n\t\t<div class=\"elementor-element elementor-element-f48404b e-flex e-con-boxed e-con e-parent\" data-id=\"f48404b\" data-element_type=\"container\" data-e-type=\"container\">\n\t\t\t\t\t<div class=\"e-con-inner\">\n\t\t\t\t<div class=\"elementor-element elementor-element-c457097 elementor-widget elementor-widget-text-editor\" data-id=\"c457097\" data-element_type=\"widget\" data-e-type=\"widget\" data-widget_type=\"text-editor.default\">\n\t\t\t\t<div class=\"elementor-widget-container\">\n\t\t\t\t\t\t\t\t\t<p><b>\u00c9quipe :<\/b><\/p><p><span style=\"font-weight: 400;\">L\u2019Organe d\u2019administration se compose comme suit :<\/span><\/p><ul><li><b>Josiane Wautier, <\/b><span style=\"font-weight: 400;\">Administratrice d\u00e9l\u00e9gu\u00e9e<br \/><\/span><\/li><li><b>Fr\u00e9d\u00e9ric Wautier, <\/b><span style=\"font-weight: 400;\">Administrateur<\/span><\/li><li><b>Lionel Damba, <\/b><span style=\"font-weight: 400;\">Administrateur<\/span><span style=\"font-weight: 400;\"><br \/><\/span><\/li><\/ul><p><span style=\"font-weight: 400;\">\u00a0<\/span><\/p>\t\t\t\t\t\t\t\t<\/div>\n\t\t\t\t<\/div>\n\t\t\t\t\t<\/div>\n\t\t\t\t<\/div>\n\t\t\t\t<\/div>\n\t\t","protected":false},"excerpt":{"rendered":"<p>Qui sommes-nous ? Fleurs de Femmes ASBL est une organisation \u00e0 but non lucratif cr\u00e9\u00e9e officiellement en Belgique en janvier 2024, d\u00e9di\u00e9e \u00e0 la coop\u00e9ration au d\u00e9veloppement, \u00e0 la formation, et \u00e0 l\u2019aide sociale. VisionL\u2019Association Fleurs de Femmes a pour vision des milliers de femmes africaines\/des diasporas s&#8217;\u00e9panouir dans les m\u00e9tiers de l\u2019art et l\u2019artisanat [&hellip;]<\/p>\n","protected":false},"author":1,"featured_media":0,"parent":0,"menu_order":0,"comment_status":"closed","ping_status":"closed","template":"","meta":{"footnotes":""},"class_list":["post-122","page","type-page","status-publish","hentry"],"_links":{"self":[{"href":"https:\/\/fleursdefemmes.org\/index.php\/wp-json\/wp\/v2\/pages\/122","targetHints":{"allow":["GET"]}}],"collection":[{"href":"https:\/\/fleursdefemmes.org\/index.php\/wp-json\/wp\/v2\/pages"}],"about":[{"href":"https:\/\/fleursdefemmes.org\/index.php\/wp-json\/wp\/v2\/types\/page"}],"author":[{"embeddable":true,"href":"https:\/\/fleursdefemmes.org\/index.php\/wp-json\/wp\/v2\/users\/1"}],"replies":[{"embeddable":true,"href":"https:\/\/fleursdefemmes.org\/index.php\/wp-json\/wp\/v2\/comments?post=122"}],"version-history":[{"count":46,"href":"https:\/\/fleursdefemmes.org\/index.php\/wp-json\/wp\/v2\/pages\/122\/revisions"}],"predecessor-version":[{"id":879,"href":"https:\/\/fleursdefemmes.org\/index.php\/wp-json\/wp\/v2\/pages\/122\/revisions\/879"}],"wp:attachment":[{"href":"https:\/\/fleursdefemmes.org\/index.php\/wp-json\/wp\/v2\/media?parent=122"}],"curies":[{"name":"wp","href":"https:\/\/api.w.org\/{rel}","templated":true}]}}